{"id":16210,"date":"2024-03-07T18:05:49","date_gmt":"2024-03-07T21:05:49","guid":{"rendered":"https:\/\/eventurismo.com.uy\/lotengoshop\/?page_id=16210"},"modified":"2024-03-07T18:05:50","modified_gmt":"2024-03-07T21:05:50","slug":"politica-de-cookies","status":"publish","type":"page","link":"https:\/\/eventurismo.com.uy\/lotengoshop\/politica-de-cookies\/","title":{"rendered":"Pol\u00edtica de cookies"},"content":{"rendered":"<p><strong>Cookies<\/strong><\/p><p>Si dejas un comentario en nuestro sitio, puedes optar por guardar tu nombre, direcci\u00f3n de correo electr\u00f3nico y otros datos en las cookies. Estos son para tu conveniencia para que no tengas que volver a ingresar tus datos cuando dejes otro comentario. Estas cookies durar\u00e1n un a\u00f1o. Si tienes una cuenta e inicias sesi\u00f3n en www.eventurismo.com.uy\/lotengoshop (si corriespondiera), estableceremos una cookie temporal para determinar si tu navegador acepta cookies. Esta cookie no contiene datos personales y es descartada al cerrar el navegador.<br>Cuando inicias sesi\u00f3n (si correspondiera), tambi\u00e9n configuraremos varias cookies para guardar tu informaci\u00f3n de inicio de sesi\u00f3n y tus opciones de visualizaci\u00f3n en pantalla. Las cookies de inicio de sesi\u00f3n duran dos d\u00edas y las cookies de opciones de pantalla duran un a\u00f1o. Si seleccionas \u201cRecordarme\u201d, tu inicio de sesi\u00f3n se mantendr\u00e1 durante dos semanas. Si cierras la sesi\u00f3n, se eliminar\u00e1n las cookies de inicio de sesi\u00f3n.<br>Si editas o public\u00e1s un art\u00edculo, se guardar\u00e1 una cookie adicional en tu navegador. Esta cookie no incluye datos personales y simplemente indica el ID de publicaci\u00f3n del art\u00edculo que acab\u00e1s de editar. Caduca despu\u00e9s de 1 d\u00eda.<\/p><p><strong>Cookies de terceros<\/strong><\/p><p>Este sitio web utiliza las siguientes cookies de terceros:<\/p><ul class=\"wp-block-list\"><li>Google Analytics: Almacena cookies para poder elaborar estad\u00edsticas sobre el tr\u00e1fico y volumen de visitas de esta web. Al utilizar este sitio web est\u00e1 consintiendo el tratamiento de informaci\u00f3n acerca de usted por Google. Por tanto, el ejercicio de cualquier derecho en este sentido deber\u00e1 hacerlo comunicando directamente con Google.<\/li>\n\n<li>Redes sociales: Cada red social utiliza sus propias cookies para que usted pueda pinchar en botones del tipo \u201cMe gusta\u201d o \u201cCompartir\u201d.<\/li><\/ul><p><strong>Otras formas de tratamiento de datos personales<\/strong><\/p><p>PLUGINS WORDPRESS: Pueden ser los plugins de contacto y de suscripci\u00f3n a la \u201cNewsletter\u201d desde los cajetines correspondientes, plugins para seguir y compartir contenido en diversas redes sociales, para interacci\u00f3n social, env\u00edo e intercambio de informaci\u00f3n en diferentes formatos principalmente con fines sociales.<\/p><p>Hostingenlaweb: es el proveedor de servidores en donde quedan alojados los datos de cada comentario u otorgado por cualquier v\u00eda de esta web www.eventurismo.com.uy\/lotengoshop. Est\u00e1 ubicado en Uruguay y puedes consultar su pol\u00edtica en\u00a0su web.<\/p><p><strong>C\u00f3mo eliminar cookies<\/strong><\/p><p>Tienes la opci\u00f3n de permitir, bloquear o eliminar las cookies instaladas en tu equipo mediante la configuraci\u00f3n de las opciones de tu navegador instalado. Al desactivar cookies, algunos de los servicios disponibles podr\u00edan dejar de funcionar.<\/p><p>Microsoft Internet Explorer o Microsoft Edge:\u00a0<a href=\"http:\/\/windows.microsoft.com\/es-es\/windows-vista\/Block-or-allow-cookies\" target=\"_blank\" rel=\"noreferrer noopener\">http:\/\/windows.microsoft.com\/es-es\/windows-vista\/Block-or-allow-cookies<\/a><br>Mozilla Firefox:\u00a0<a href=\"http:\/\/support.mozilla.org\/es\/kb\/impedir-que-los-sitios-web-guarden-sus-preferencia\" target=\"_blank\" rel=\"noreferrer noopener\">http:\/\/support.mozilla.org\/es\/kb\/impedir-que-los-sitios-web-guarden-sus-preferencia<\/a><br>Chrome:\u00a0<a href=\"https:\/\/support.google.com\/accounts\/answer\/61416?hl=es\" target=\"_blank\" rel=\"noreferrer noopener\">https:\/\/support.google.com\/accounts\/answer\/61416?hl=es<\/a><br>Safari:\u00a0<a href=\"http:\/\/safari.helpmax.net\/es\/privacidad-y-seguridad\/como-gestionar-las-cookies\/\" target=\"_blank\" rel=\"noreferrer noopener\">http:\/\/safari.helpmax.net\/es\/privacidad-y-seguridad\/como-gestionar-las-cookies\/<\/a><br>Opera:\u00a0<a href=\"http:\/\/help.opera.com\/Linux\/10.60\/es-ES\/cookies.html\" target=\"_blank\" rel=\"noreferrer noopener\">http:\/\/help.opera.com\/Linux\/10.60\/es-ES\/cookies.html<\/a><br><br>Documento editado el 07\/03\/2024<\/p>","protected":false},"excerpt":{"rendered":"<p>Cookies Si dejas un comentario en nuestro sitio, puedes optar por guardar tu nombre, direcci\u00f3n de correo electr\u00f3nico y otros<\/p>\n","protected":false},"author":3,"featured_media":0,"parent":0,"menu_order":0,"comment_status":"closed","ping_status":"closed","template":"","meta":{"footnotes":""},"class_list":["post-16210","page","type-page","status-publish","hentry"],"yoast_head":"<!-- This site is optimized with the Yoast SEO plugin v24.5 - https:\/\/yoast.com\/wordpress\/plugins\/seo\/ -->\n<title>Pol\u00edtica de cookies - A.B.I.T.U.<\/title>\n<meta name=\"robots\" content=\"index, follow, max-snippet:-1, max-image-preview:large, max-video-preview:-1\" \/>\n<link rel=\"canonical\" href=\"https:\/\/eventurismo.com.uy\/lotengoshop\/politica-de-cookies\/\" \/>\n<meta property=\"og:locale\" content=\"es_ES\" \/>\n<meta property=\"og:type\" content=\"article\" \/>\n<meta property=\"og:title\" content=\"Pol\u00edtica de cookies - A.B.I.T.U.\" \/>\n<meta property=\"og:description\" content=\"Cookies Si dejas un comentario en nuestro sitio, puedes optar por guardar tu nombre, direcci\u00f3n de correo electr\u00f3nico y otros\" \/>\n<meta property=\"og:url\" content=\"https:\/\/eventurismo.com.uy\/lotengoshop\/politica-de-cookies\/\" \/>\n<meta property=\"og:site_name\" content=\"A.B.I.T.U.\" \/>\n<meta property=\"article:publisher\" content=\"https:\/\/www.facebook.com\/lotengo.uy\" \/>\n<meta property=\"article:modified_time\" content=\"2024-03-07T21:05:50+00:00\" \/>\n<meta name=\"twitter:card\" content=\"summary_large_image\" \/>\n<meta name=\"twitter:label1\" content=\"Tiempo de lectura\" \/>\n\t<meta name=\"twitter:data1\" content=\"2 minutos\" \/>\n<script type=\"application\/ld+json\" class=\"yoast-schema-graph\">{\"@context\":\"https:\/\/schema.org\",\"@graph\":[{\"@type\":\"WebPage\",\"@id\":\"https:\/\/eventurismo.com.uy\/lotengoshop\/politica-de-cookies\/\",\"url\":\"https:\/\/eventurismo.com.uy\/lotengoshop\/politica-de-cookies\/\",\"name\":\"Pol\u00edtica de cookies - A.B.I.T.U.\",\"isPartOf\":{\"@id\":\"https:\/\/eventurismo.com.uy\/lotengoshop\/#website\"},\"datePublished\":\"2024-03-07T21:05:49+00:00\",\"dateModified\":\"2024-03-07T21:05:50+00:00\",\"breadcrumb\":{\"@id\":\"https:\/\/eventurismo.com.uy\/lotengoshop\/politica-de-cookies\/#breadcrumb\"},\"inLanguage\":\"es\",\"potentialAction\":[{\"@type\":\"ReadAction\",\"target\":[\"https:\/\/eventurismo.com.uy\/lotengoshop\/politica-de-cookies\/\"]}]},{\"@type\":\"BreadcrumbList\",\"@id\":\"https:\/\/eventurismo.com.uy\/lotengoshop\/politica-de-cookies\/#breadcrumb\",\"itemListElement\":[{\"@type\":\"ListItem\",\"position\":1,\"name\":\"Portada\",\"item\":\"https:\/\/eventurismo.com.uy\/lotengoshop\/\"},{\"@type\":\"ListItem\",\"position\":2,\"name\":\"Pol\u00edtica de cookies\"}]},{\"@type\":\"WebSite\",\"@id\":\"https:\/\/eventurismo.com.uy\/lotengoshop\/#website\",\"url\":\"https:\/\/eventurismo.com.uy\/lotengoshop\/\",\"name\":\"Lo Tengo shop\",\"description\":\"Asociacion de Bienestar Integral y Transformaci\u00f3n del Uruguay\",\"publisher\":{\"@id\":\"https:\/\/eventurismo.com.uy\/lotengoshop\/#organization\"},\"potentialAction\":[{\"@type\":\"SearchAction\",\"target\":{\"@type\":\"EntryPoint\",\"urlTemplate\":\"https:\/\/eventurismo.com.uy\/lotengoshop\/?s={search_term_string}\"},\"query-input\":{\"@type\":\"PropertyValueSpecification\",\"valueRequired\":true,\"valueName\":\"search_term_string\"}}],\"inLanguage\":\"es\"},{\"@type\":\"Organization\",\"@id\":\"https:\/\/eventurismo.com.uy\/lotengoshop\/#organization\",\"name\":\"Lo Tengo shop\",\"url\":\"https:\/\/eventurismo.com.uy\/lotengoshop\/\",\"logo\":{\"@type\":\"ImageObject\",\"inLanguage\":\"es\",\"@id\":\"https:\/\/eventurismo.com.uy\/lotengoshop\/#\/schema\/logo\/image\/\",\"url\":\"\",\"contentUrl\":\"\",\"caption\":\"Lo Tengo shop\"},\"image\":{\"@id\":\"https:\/\/eventurismo.com.uy\/lotengoshop\/#\/schema\/logo\/image\/\"},\"sameAs\":[\"https:\/\/www.facebook.com\/lotengo.uy\",\"https:\/\/www.instagram.com\/lotengo.uy\/\"]}]}<\/script>\n<!-- \/ Yoast SEO plugin. -->","yoast_head_json":{"title":"Pol\u00edtica de cookies - A.B.I.T.U.","robots":{"index":"index","follow":"follow","max-snippet":"max-snippet:-1","max-image-preview":"max-image-preview:large","max-video-preview":"max-video-preview:-1"},"canonical":"https:\/\/eventurismo.com.uy\/lotengoshop\/politica-de-cookies\/","og_locale":"es_ES","og_type":"article","og_title":"Pol\u00edtica de cookies - A.B.I.T.U.","og_description":"Cookies Si dejas un comentario en nuestro sitio, puedes optar por guardar tu nombre, direcci\u00f3n de correo electr\u00f3nico y otros","og_url":"https:\/\/eventurismo.com.uy\/lotengoshop\/politica-de-cookies\/","og_site_name":"A.B.I.T.U.","article_publisher":"https:\/\/www.facebook.com\/lotengo.uy","article_modified_time":"2024-03-07T21:05:50+00:00","twitter_card":"summary_large_image","twitter_misc":{"Tiempo de lectura":"2 minutos"},"schema":{"@context":"https:\/\/schema.org","@graph":[{"@type":"WebPage","@id":"https:\/\/eventurismo.com.uy\/lotengoshop\/politica-de-cookies\/","url":"https:\/\/eventurismo.com.uy\/lotengoshop\/politica-de-cookies\/","name":"Pol\u00edtica de cookies - A.B.I.T.U.","isPartOf":{"@id":"https:\/\/eventurismo.com.uy\/lotengoshop\/#website"},"datePublished":"2024-03-07T21:05:49+00:00","dateModified":"2024-03-07T21:05:50+00:00","breadcrumb":{"@id":"https:\/\/eventurismo.com.uy\/lotengoshop\/politica-de-cookies\/#breadcrumb"},"inLanguage":"es","potentialAction":[{"@type":"ReadAction","target":["https:\/\/eventurismo.com.uy\/lotengoshop\/politica-de-cookies\/"]}]},{"@type":"BreadcrumbList","@id":"https:\/\/eventurismo.com.uy\/lotengoshop\/politica-de-cookies\/#breadcrumb","itemListElement":[{"@type":"ListItem","position":1,"name":"Portada","item":"https:\/\/eventurismo.com.uy\/lotengoshop\/"},{"@type":"ListItem","position":2,"name":"Pol\u00edtica de cookies"}]},{"@type":"WebSite","@id":"https:\/\/eventurismo.com.uy\/lotengoshop\/#website","url":"https:\/\/eventurismo.com.uy\/lotengoshop\/","name":"Lo Tengo shop","description":"Asociacion de Bienestar Integral y Transformaci\u00f3n del Uruguay","publisher":{"@id":"https:\/\/eventurismo.com.uy\/lotengoshop\/#organization"},"potentialAction":[{"@type":"SearchAction","target":{"@type":"EntryPoint","urlTemplate":"https:\/\/eventurismo.com.uy\/lotengoshop\/?s={search_term_string}"},"query-input":{"@type":"PropertyValueSpecification","valueRequired":true,"valueName":"search_term_string"}}],"inLanguage":"es"},{"@type":"Organization","@id":"https:\/\/eventurismo.com.uy\/lotengoshop\/#organization","name":"Lo Tengo shop","url":"https:\/\/eventurismo.com.uy\/lotengoshop\/","logo":{"@type":"ImageObject","inLanguage":"es","@id":"https:\/\/eventurismo.com.uy\/lotengoshop\/#\/schema\/logo\/image\/","url":"","contentUrl":"","caption":"Lo Tengo shop"},"image":{"@id":"https:\/\/eventurismo.com.uy\/lotengoshop\/#\/schema\/logo\/image\/"},"sameAs":["https:\/\/www.facebook.com\/lotengo.uy","https:\/\/www.instagram.com\/lotengo.uy\/"]}]}},"_links":{"self":[{"href":"https:\/\/eventurismo.com.uy\/lotengoshop\/wp-json\/wp\/v2\/pages\/16210","targetHints":{"allow":["GET"]}}],"collection":[{"href":"https:\/\/eventurismo.com.uy\/lotengoshop\/wp-json\/wp\/v2\/pages"}],"about":[{"href":"https:\/\/eventurismo.com.uy\/lotengoshop\/wp-json\/wp\/v2\/types\/page"}],"author":[{"embeddable":true,"href":"https:\/\/eventurismo.com.uy\/lotengoshop\/wp-json\/wp\/v2\/users\/3"}],"replies":[{"embeddable":true,"href":"https:\/\/eventurismo.com.uy\/lotengoshop\/wp-json\/wp\/v2\/comments?post=16210"}],"version-history":[{"count":1,"href":"https:\/\/eventurismo.com.uy\/lotengoshop\/wp-json\/wp\/v2\/pages\/16210\/revisions"}],"predecessor-version":[{"id":16211,"href":"https:\/\/eventurismo.com.uy\/lotengoshop\/wp-json\/wp\/v2\/pages\/16210\/revisions\/16211"}],"wp:attachment":[{"href":"https:\/\/eventurismo.com.uy\/lotengoshop\/wp-json\/wp\/v2\/media?parent=16210"}],"curies":[{"name":"wp","href":"https:\/\/api.w.org\/{rel}","templated":true}]}}