{"id":16377,"date":"2024-03-11T17:54:38","date_gmt":"2024-03-11T20:54:38","guid":{"rendered":"https:\/\/eventurismo.com.uy\/lotengoshop\/?page_id=16377"},"modified":"2025-11-20T16:37:32","modified_gmt":"2025-11-20T19:37:32","slug":"envios","status":"publish","type":"page","link":"https:\/\/eventurismo.com.uy\/lotengoshop\/envios\/","title":{"rendered":"Env\u00edos"},"content":{"rendered":"<h3 class=\"wp-block-heading\">Productos a domicilio<\/h3><p>Entrega de productos a domicilio ser\u00e1 por medio de la empresa La Nave Cargo postal dentro de las 24 horas o como m\u00e1ximo 48 horas h\u00e1biles. A continuaci\u00f3n, te facilitamos el link de su web para mayor informaci\u00f3n: <a href=\"https:\/\/www.lanavecargopostal.com\/\" target=\"_blank\" rel=\"noreferrer noopener\">https:\/\/www.lanavecargopostal.com\/<\/a><\/p><h3 class=\"wp-block-heading\">Retiro personalmente de Productos<\/h3><p>Las entregas en <strong>A.B.I.T.U.<\/strong> en horario comercial, previa coordinaci\u00f3n del d\u00eda y horario por WhatsApp al n\u00famero<a href=\"https:\/\/wa.me\/+59894683214\"> <\/a><a href=\"https:\/\/wa.me\/+59897496297\">+598 97 496 297<\/a><\/p><p><\/p>","protected":false},"excerpt":{"rendered":"<p>Productos a domicilio Entrega de productos a domicilio ser\u00e1 por medio de la empresa La Nave Cargo postal dentro de<\/p>\n","protected":false},"author":3,"featured_media":0,"parent":0,"menu_order":0,"comment_status":"closed","ping_status":"closed","template":"elementor_header_footer","meta":{"footnotes":""},"class_list":["post-16377","page","type-page","status-publish","hentry"],"yoast_head":"<!-- This site is optimized with the Yoast SEO plugin v24.5 - https:\/\/yoast.com\/wordpress\/plugins\/seo\/ -->\n<title>Env\u00edos - A.B.I.T.U.<\/title>\n<meta name=\"robots\" content=\"index, follow, max-snippet:-1, max-image-preview:large, max-video-preview:-1\" \/>\n<link rel=\"canonical\" href=\"https:\/\/eventurismo.com.uy\/lotengoshop\/envios\/\" \/>\n<meta property=\"og:locale\" content=\"es_ES\" \/>\n<meta property=\"og:type\" content=\"article\" \/>\n<meta property=\"og:title\" content=\"Env\u00edos - A.B.I.T.U.\" \/>\n<meta property=\"og:description\" content=\"Productos a domicilio Entrega de productos a domicilio ser\u00e1 por medio de la empresa La Nave Cargo postal dentro de\" \/>\n<meta property=\"og:url\" content=\"https:\/\/eventurismo.com.uy\/lotengoshop\/envios\/\" \/>\n<meta property=\"og:site_name\" content=\"A.B.I.T.U.\" \/>\n<meta property=\"article:publisher\" content=\"https:\/\/www.facebook.com\/lotengo.uy\" \/>\n<meta property=\"article:modified_time\" content=\"2025-11-20T19:37:32+00:00\" \/>\n<meta name=\"twitter:card\" content=\"summary_large_image\" \/>\n<meta name=\"twitter:label1\" content=\"Tiempo de lectura\" \/>\n\t<meta name=\"twitter:data1\" content=\"1 minuto\" \/>\n<script type=\"application\/ld+json\" class=\"yoast-schema-graph\">{\"@context\":\"https:\/\/schema.org\",\"@graph\":[{\"@type\":\"WebPage\",\"@id\":\"https:\/\/eventurismo.com.uy\/lotengoshop\/envios\/\",\"url\":\"https:\/\/eventurismo.com.uy\/lotengoshop\/envios\/\",\"name\":\"Env\u00edos - A.B.I.T.U.\",\"isPartOf\":{\"@id\":\"https:\/\/eventurismo.com.uy\/lotengoshop\/#website\"},\"datePublished\":\"2024-03-11T20:54:38+00:00\",\"dateModified\":\"2025-11-20T19:37:32+00:00\",\"breadcrumb\":{\"@id\":\"https:\/\/eventurismo.com.uy\/lotengoshop\/envios\/#breadcrumb\"},\"inLanguage\":\"es\",\"potentialAction\":[{\"@type\":\"ReadAction\",\"target\":[\"https:\/\/eventurismo.com.uy\/lotengoshop\/envios\/\"]}]},{\"@type\":\"BreadcrumbList\",\"@id\":\"https:\/\/eventurismo.com.uy\/lotengoshop\/envios\/#breadcrumb\",\"itemListElement\":[{\"@type\":\"ListItem\",\"position\":1,\"name\":\"Portada\",\"item\":\"https:\/\/eventurismo.com.uy\/lotengoshop\/\"},{\"@type\":\"ListItem\",\"position\":2,\"name\":\"Env\u00edos\"}]},{\"@type\":\"WebSite\",\"@id\":\"https:\/\/eventurismo.com.uy\/lotengoshop\/#website\",\"url\":\"https:\/\/eventurismo.com.uy\/lotengoshop\/\",\"name\":\"Lo Tengo shop\",\"description\":\"Asociacion de Bienestar Integral y Transformaci\u00f3n del Uruguay\",\"publisher\":{\"@id\":\"https:\/\/eventurismo.com.uy\/lotengoshop\/#organization\"},\"potentialAction\":[{\"@type\":\"SearchAction\",\"target\":{\"@type\":\"EntryPoint\",\"urlTemplate\":\"https:\/\/eventurismo.com.uy\/lotengoshop\/?s={search_term_string}\"},\"query-input\":{\"@type\":\"PropertyValueSpecification\",\"valueRequired\":true,\"valueName\":\"search_term_string\"}}],\"inLanguage\":\"es\"},{\"@type\":\"Organization\",\"@id\":\"https:\/\/eventurismo.com.uy\/lotengoshop\/#organization\",\"name\":\"Lo Tengo shop\",\"url\":\"https:\/\/eventurismo.com.uy\/lotengoshop\/\",\"logo\":{\"@type\":\"ImageObject\",\"inLanguage\":\"es\",\"@id\":\"https:\/\/eventurismo.com.uy\/lotengoshop\/#\/schema\/logo\/image\/\",\"url\":\"\",\"contentUrl\":\"\",\"caption\":\"Lo Tengo shop\"},\"image\":{\"@id\":\"https:\/\/eventurismo.com.uy\/lotengoshop\/#\/schema\/logo\/image\/\"},\"sameAs\":[\"https:\/\/www.facebook.com\/lotengo.uy\",\"https:\/\/www.instagram.com\/lotengo.uy\/\"]}]}<\/script>\n<!-- \/ Yoast SEO plugin. -->","yoast_head_json":{"title":"Env\u00edos - A.B.I.T.U.","robots":{"index":"index","follow":"follow","max-snippet":"max-snippet:-1","max-image-preview":"max-image-preview:large","max-video-preview":"max-video-preview:-1"},"canonical":"https:\/\/eventurismo.com.uy\/lotengoshop\/envios\/","og_locale":"es_ES","og_type":"article","og_title":"Env\u00edos - A.B.I.T.U.","og_description":"Productos a domicilio Entrega de productos a domicilio ser\u00e1 por medio de la empresa La Nave Cargo postal dentro de","og_url":"https:\/\/eventurismo.com.uy\/lotengoshop\/envios\/","og_site_name":"A.B.I.T.U.","article_publisher":"https:\/\/www.facebook.com\/lotengo.uy","article_modified_time":"2025-11-20T19:37:32+00:00","twitter_card":"summary_large_image","twitter_misc":{"Tiempo de lectura":"1 minuto"},"schema":{"@context":"https:\/\/schema.org","@graph":[{"@type":"WebPage","@id":"https:\/\/eventurismo.com.uy\/lotengoshop\/envios\/","url":"https:\/\/eventurismo.com.uy\/lotengoshop\/envios\/","name":"Env\u00edos - A.B.I.T.U.","isPartOf":{"@id":"https:\/\/eventurismo.com.uy\/lotengoshop\/#website"},"datePublished":"2024-03-11T20:54:38+00:00","dateModified":"2025-11-20T19:37:32+00:00","breadcrumb":{"@id":"https:\/\/eventurismo.com.uy\/lotengoshop\/envios\/#breadcrumb"},"inLanguage":"es","potentialAction":[{"@type":"ReadAction","target":["https:\/\/eventurismo.com.uy\/lotengoshop\/envios\/"]}]},{"@type":"BreadcrumbList","@id":"https:\/\/eventurismo.com.uy\/lotengoshop\/envios\/#breadcrumb","itemListElement":[{"@type":"ListItem","position":1,"name":"Portada","item":"https:\/\/eventurismo.com.uy\/lotengoshop\/"},{"@type":"ListItem","position":2,"name":"Env\u00edos"}]},{"@type":"WebSite","@id":"https:\/\/eventurismo.com.uy\/lotengoshop\/#website","url":"https:\/\/eventurismo.com.uy\/lotengoshop\/","name":"Lo Tengo shop","description":"Asociacion de Bienestar Integral y Transformaci\u00f3n del Uruguay","publisher":{"@id":"https:\/\/eventurismo.com.uy\/lotengoshop\/#organization"},"potentialAction":[{"@type":"SearchAction","target":{"@type":"EntryPoint","urlTemplate":"https:\/\/eventurismo.com.uy\/lotengoshop\/?s={search_term_string}"},"query-input":{"@type":"PropertyValueSpecification","valueRequired":true,"valueName":"search_term_string"}}],"inLanguage":"es"},{"@type":"Organization","@id":"https:\/\/eventurismo.com.uy\/lotengoshop\/#organization","name":"Lo Tengo shop","url":"https:\/\/eventurismo.com.uy\/lotengoshop\/","logo":{"@type":"ImageObject","inLanguage":"es","@id":"https:\/\/eventurismo.com.uy\/lotengoshop\/#\/schema\/logo\/image\/","url":"","contentUrl":"","caption":"Lo Tengo shop"},"image":{"@id":"https:\/\/eventurismo.com.uy\/lotengoshop\/#\/schema\/logo\/image\/"},"sameAs":["https:\/\/www.facebook.com\/lotengo.uy","https:\/\/www.instagram.com\/lotengo.uy\/"]}]}},"_links":{"self":[{"href":"https:\/\/eventurismo.com.uy\/lotengoshop\/wp-json\/wp\/v2\/pages\/16377","targetHints":{"allow":["GET"]}}],"collection":[{"href":"https:\/\/eventurismo.com.uy\/lotengoshop\/wp-json\/wp\/v2\/pages"}],"about":[{"href":"https:\/\/eventurismo.com.uy\/lotengoshop\/wp-json\/wp\/v2\/types\/page"}],"author":[{"embeddable":true,"href":"https:\/\/eventurismo.com.uy\/lotengoshop\/wp-json\/wp\/v2\/users\/3"}],"replies":[{"embeddable":true,"href":"https:\/\/eventurismo.com.uy\/lotengoshop\/wp-json\/wp\/v2\/comments?post=16377"}],"version-history":[{"count":5,"href":"https:\/\/eventurismo.com.uy\/lotengoshop\/wp-json\/wp\/v2\/pages\/16377\/revisions"}],"predecessor-version":[{"id":17019,"href":"https:\/\/eventurismo.com.uy\/lotengoshop\/wp-json\/wp\/v2\/pages\/16377\/revisions\/17019"}],"wp:attachment":[{"href":"https:\/\/eventurismo.com.uy\/lotengoshop\/wp-json\/wp\/v2\/media?parent=16377"}],"curies":[{"name":"wp","href":"https:\/\/api.w.org\/{rel}","templated":true}]}}