{"id":3,"date":"2024-02-14T14:37:50","date_gmt":"2024-02-14T14:37:50","guid":{"rendered":"https:\/\/eventurismo.com.uy\/lotengoshop\/?page_id=3"},"modified":"2024-03-11T18:07:55","modified_gmt":"2024-03-11T21:07:55","slug":"politica-de-privacidad","status":"publish","type":"page","link":"https:\/\/eventurismo.com.uy\/lotengoshop\/politica-de-privacidad\/","title":{"rendered":"Pol\u00edtica de privacidad"},"content":{"rendered":"<p><strong>Introducci\u00f3n<\/strong><\/p><p>La presente Pol\u00edtica de Datos y Privacidad establece los t\u00e9rminos en que eventurismo.com.uy\/lotengoshop utiliza y protege la informaci\u00f3n que es proporcionada por sus usuarios al momento de utilizar eventurismo.com.uy\/lotengoshop.<\/p><p>La privacidad es importante para nosotros y estamos comprometidos con la seguridad de los datos de cada una de las personas y\/o empresas que utilizan eventurismo.com.uy\/lotengoshop. Utilizamos los sistemas m\u00e1s avanzados, los cuales se actualizan constantemente con el objetivo de asegurarnos que no exista ning\u00fan acceso no autorizado.<\/p><p>Al momento de completar los campos de informaci\u00f3n personal, nos aseguramos que dicha informaci\u00f3n solo se utilizar\u00e1 de acuerdo con los t\u00e9rminos de este documento.<\/p><p>Esta Pol\u00edtica de Privacidad puede variar con el tiempo o ser actualizada peri\u00f3dicamente, por ello es recomendable revisarla para asegurarse de estar de acuerdo con ella.<\/p><p><strong>Informaci\u00f3n que es recogida<\/strong><br><br>Nuestro sitio web&nbsp;<a href=\"http:\/\/eventurismo.com.uy\/lotengoshop\">eventurismo.com.uy\/lotengoshop<\/a>&nbsp;podr\u00e1 recopilar informaci\u00f3n personal de los usuarios como nombre y apellido, mail, tel\u00e9fono, informaci\u00f3n demogr\u00e1fica, e informaci\u00f3n de su actividad comercial proporcionada por los propios usuarios. Cuando sea necesario, tambi\u00e9n podr\u00e1 requerirse informaci\u00f3n espec\u00edfica con el objetivo de procesar alg\u00fan pedido o datos de facturaci\u00f3n.<\/p><p><strong>Uso de la informaci\u00f3n recogida<\/strong><br><br>Nuestro sitio web utiliza la informaci\u00f3n con el fin de proporcionar datos estad\u00edsticos al usuario para que pueda obtener el mejor servicio posible. Existe la posibilidad de que sean enviados correos electr\u00f3nicos peri\u00f3dicamente a trav\u00e9s de nuestro sitio con informaci\u00f3n acerca de nuestros productos y servicios, ofertas especiales y cualquier otro material publicitario que consideremos relevantes para los usuarios o que pueda brindar alg\u00fan beneficio. Estos correos electr\u00f3nicos ser\u00e1n enviados a la direcci\u00f3n proporcionada por los usuarios y podr\u00e1n ser cancelados en cualquier momento.<\/p><p><strong>Uso de terceros de la informaci\u00f3n recogida<\/strong><br><br>eventurismo.com.uy\/lotengoshop no se responsabiliza por las pol\u00edticas de privacidad ni por el uso de los datos recopilados que realicen las empresas tercerizadas y\/o contratadas por eventurismo.com.uy\/lotengoshop o sus asociadas.<\/p><p><strong>Enlaces a terceros<\/strong><br><br>Nuestro sitio web puede contener enlaces a otros sitios de inter\u00e9s. Una vez que el usuario presiona en estos enlaces y abandona nuestra p\u00e1gina, ya no tenemos control sobre el sitio al que ha sido redirigido y por lo tanto no somos responsables de los t\u00e9rminos o pol\u00edtica de privacidad ni de la protecci\u00f3n de sus datos en sitios de terceros. Es recomendable consultar la Pol\u00edtica de Datos y Privacidad de estos sitios para asegurarse que est\u00e1 de acuerdo con las mismas.<\/p><p><strong>Control de informaci\u00f3n personal<\/strong><br><br>Cada vez que te solicitamos completar un formulario, puedes seleccionar o no la opci\u00f3n de recibir informaci\u00f3n por correo electr\u00f3nico. En caso de haber seleccionado la opci\u00f3n para recibir nuestro newsletter o publicidad, puedes cancelarla en cualquier momento. eventurismo.com.uy\/lotengoshop no vender\u00e1, ceder\u00e1 ni distribuir\u00e1 la informaci\u00f3n personal que es recopilada sin tu consentimiento, salvo que sea requerido por medio de un juez con orden judicial.<\/p><p><strong>Informaci\u00f3n adicional importante<\/strong><br><br>Esta web incluye un certificado SSL. El mismo es un protocolo de seguridad que hace que tus datos viajen de manera \u00edntegra y segura, es decir, la transmisi\u00f3n de los datos entre un servidor y usuario web, y en retroalimentaci\u00f3n, es totalmente cifrada o encriptada. A\u00fan as\u00ed, eventurismo.com.uy\/lotengoshop no puede garantizar la absoluta inexpugnabilidad de la red Internet y por tanto la violaci\u00f3n de los datos mediante accesos fraudulentos a ellos por parte de terceros.<\/p><p><em>Documento editado el&nbsp;<\/em>11\/03\/2024<em>.<\/em><\/p>","protected":false},"excerpt":{"rendered":"<p>Introducci\u00f3n La presente Pol\u00edtica de Datos y Privacidad establece los t\u00e9rminos en que eventurismo.com.uy\/lotengoshop utiliza y protege la informaci\u00f3n que<\/p>\n","protected":false},"author":3,"featured_media":0,"parent":0,"menu_order":0,"comment_status":"closed","ping_status":"closed","template":"elementor_header_footer","meta":{"footnotes":""},"class_list":["post-3","page","type-page","status-publish","hentry"],"yoast_head":"<!-- This site is optimized with the Yoast SEO plugin v24.5 - https:\/\/yoast.com\/wordpress\/plugins\/seo\/ -->\n<title>Pol\u00edtica de privacidad - A.B.I.T.U.<\/title>\n<meta name=\"robots\" content=\"index, follow, max-snippet:-1, max-image-preview:large, max-video-preview:-1\" \/>\n<link rel=\"canonical\" href=\"https:\/\/eventurismo.com.uy\/lotengoshop\/politica-de-privacidad\/\" \/>\n<meta property=\"og:locale\" content=\"es_ES\" \/>\n<meta property=\"og:type\" content=\"article\" \/>\n<meta property=\"og:title\" content=\"Pol\u00edtica de privacidad - A.B.I.T.U.\" \/>\n<meta property=\"og:description\" content=\"Introducci\u00f3n La presente Pol\u00edtica de Datos y Privacidad establece los t\u00e9rminos en que eventurismo.com.uy\/lotengoshop utiliza y protege la informaci\u00f3n que\" \/>\n<meta property=\"og:url\" content=\"https:\/\/eventurismo.com.uy\/lotengoshop\/politica-de-privacidad\/\" \/>\n<meta property=\"og:site_name\" content=\"A.B.I.T.U.\" \/>\n<meta property=\"article:publisher\" content=\"https:\/\/www.facebook.com\/lotengo.uy\" \/>\n<meta property=\"article:modified_time\" content=\"2024-03-11T21:07:55+00:00\" \/>\n<meta name=\"twitter:card\" content=\"summary_large_image\" \/>\n<meta name=\"twitter:label1\" content=\"Tiempo de lectura\" \/>\n\t<meta name=\"twitter:data1\" content=\"3 minutos\" \/>\n<script type=\"application\/ld+json\" class=\"yoast-schema-graph\">{\"@context\":\"https:\/\/schema.org\",\"@graph\":[{\"@type\":\"WebPage\",\"@id\":\"https:\/\/eventurismo.com.uy\/lotengoshop\/politica-de-privacidad\/\",\"url\":\"https:\/\/eventurismo.com.uy\/lotengoshop\/politica-de-privacidad\/\",\"name\":\"Pol\u00edtica de privacidad - A.B.I.T.U.\",\"isPartOf\":{\"@id\":\"https:\/\/eventurismo.com.uy\/lotengoshop\/#website\"},\"datePublished\":\"2024-02-14T14:37:50+00:00\",\"dateModified\":\"2024-03-11T21:07:55+00:00\",\"breadcrumb\":{\"@id\":\"https:\/\/eventurismo.com.uy\/lotengoshop\/politica-de-privacidad\/#breadcrumb\"},\"inLanguage\":\"es\",\"potentialAction\":[{\"@type\":\"ReadAction\",\"target\":[\"https:\/\/eventurismo.com.uy\/lotengoshop\/politica-de-privacidad\/\"]}]},{\"@type\":\"BreadcrumbList\",\"@id\":\"https:\/\/eventurismo.com.uy\/lotengoshop\/politica-de-privacidad\/#breadcrumb\",\"itemListElement\":[{\"@type\":\"ListItem\",\"position\":1,\"name\":\"Portada\",\"item\":\"https:\/\/eventurismo.com.uy\/lotengoshop\/\"},{\"@type\":\"ListItem\",\"position\":2,\"name\":\"Pol\u00edtica de privacidad\"}]},{\"@type\":\"WebSite\",\"@id\":\"https:\/\/eventurismo.com.uy\/lotengoshop\/#website\",\"url\":\"https:\/\/eventurismo.com.uy\/lotengoshop\/\",\"name\":\"Lo Tengo shop\",\"description\":\"Asociacion de Bienestar Integral y Transformaci\u00f3n del Uruguay\",\"publisher\":{\"@id\":\"https:\/\/eventurismo.com.uy\/lotengoshop\/#organization\"},\"potentialAction\":[{\"@type\":\"SearchAction\",\"target\":{\"@type\":\"EntryPoint\",\"urlTemplate\":\"https:\/\/eventurismo.com.uy\/lotengoshop\/?s={search_term_string}\"},\"query-input\":{\"@type\":\"PropertyValueSpecification\",\"valueRequired\":true,\"valueName\":\"search_term_string\"}}],\"inLanguage\":\"es\"},{\"@type\":\"Organization\",\"@id\":\"https:\/\/eventurismo.com.uy\/lotengoshop\/#organization\",\"name\":\"Lo Tengo shop\",\"url\":\"https:\/\/eventurismo.com.uy\/lotengoshop\/\",\"logo\":{\"@type\":\"ImageObject\",\"inLanguage\":\"es\",\"@id\":\"https:\/\/eventurismo.com.uy\/lotengoshop\/#\/schema\/logo\/image\/\",\"url\":\"\",\"contentUrl\":\"\",\"caption\":\"Lo Tengo shop\"},\"image\":{\"@id\":\"https:\/\/eventurismo.com.uy\/lotengoshop\/#\/schema\/logo\/image\/\"},\"sameAs\":[\"https:\/\/www.facebook.com\/lotengo.uy\",\"https:\/\/www.instagram.com\/lotengo.uy\/\"]}]}<\/script>\n<!-- \/ Yoast SEO plugin. -->","yoast_head_json":{"title":"Pol\u00edtica de privacidad - A.B.I.T.U.","robots":{"index":"index","follow":"follow","max-snippet":"max-snippet:-1","max-image-preview":"max-image-preview:large","max-video-preview":"max-video-preview:-1"},"canonical":"https:\/\/eventurismo.com.uy\/lotengoshop\/politica-de-privacidad\/","og_locale":"es_ES","og_type":"article","og_title":"Pol\u00edtica de privacidad - A.B.I.T.U.","og_description":"Introducci\u00f3n La presente Pol\u00edtica de Datos y Privacidad establece los t\u00e9rminos en que eventurismo.com.uy\/lotengoshop utiliza y protege la informaci\u00f3n que","og_url":"https:\/\/eventurismo.com.uy\/lotengoshop\/politica-de-privacidad\/","og_site_name":"A.B.I.T.U.","article_publisher":"https:\/\/www.facebook.com\/lotengo.uy","article_modified_time":"2024-03-11T21:07:55+00:00","twitter_card":"summary_large_image","twitter_misc":{"Tiempo de lectura":"3 minutos"},"schema":{"@context":"https:\/\/schema.org","@graph":[{"@type":"WebPage","@id":"https:\/\/eventurismo.com.uy\/lotengoshop\/politica-de-privacidad\/","url":"https:\/\/eventurismo.com.uy\/lotengoshop\/politica-de-privacidad\/","name":"Pol\u00edtica de privacidad - A.B.I.T.U.","isPartOf":{"@id":"https:\/\/eventurismo.com.uy\/lotengoshop\/#website"},"datePublished":"2024-02-14T14:37:50+00:00","dateModified":"2024-03-11T21:07:55+00:00","breadcrumb":{"@id":"https:\/\/eventurismo.com.uy\/lotengoshop\/politica-de-privacidad\/#breadcrumb"},"inLanguage":"es","potentialAction":[{"@type":"ReadAction","target":["https:\/\/eventurismo.com.uy\/lotengoshop\/politica-de-privacidad\/"]}]},{"@type":"BreadcrumbList","@id":"https:\/\/eventurismo.com.uy\/lotengoshop\/politica-de-privacidad\/#breadcrumb","itemListElement":[{"@type":"ListItem","position":1,"name":"Portada","item":"https:\/\/eventurismo.com.uy\/lotengoshop\/"},{"@type":"ListItem","position":2,"name":"Pol\u00edtica de privacidad"}]},{"@type":"WebSite","@id":"https:\/\/eventurismo.com.uy\/lotengoshop\/#website","url":"https:\/\/eventurismo.com.uy\/lotengoshop\/","name":"Lo Tengo shop","description":"Asociacion de Bienestar Integral y Transformaci\u00f3n del Uruguay","publisher":{"@id":"https:\/\/eventurismo.com.uy\/lotengoshop\/#organization"},"potentialAction":[{"@type":"SearchAction","target":{"@type":"EntryPoint","urlTemplate":"https:\/\/eventurismo.com.uy\/lotengoshop\/?s={search_term_string}"},"query-input":{"@type":"PropertyValueSpecification","valueRequired":true,"valueName":"search_term_string"}}],"inLanguage":"es"},{"@type":"Organization","@id":"https:\/\/eventurismo.com.uy\/lotengoshop\/#organization","name":"Lo Tengo shop","url":"https:\/\/eventurismo.com.uy\/lotengoshop\/","logo":{"@type":"ImageObject","inLanguage":"es","@id":"https:\/\/eventurismo.com.uy\/lotengoshop\/#\/schema\/logo\/image\/","url":"","contentUrl":"","caption":"Lo Tengo shop"},"image":{"@id":"https:\/\/eventurismo.com.uy\/lotengoshop\/#\/schema\/logo\/image\/"},"sameAs":["https:\/\/www.facebook.com\/lotengo.uy","https:\/\/www.instagram.com\/lotengo.uy\/"]}]}},"_links":{"self":[{"href":"https:\/\/eventurismo.com.uy\/lotengoshop\/wp-json\/wp\/v2\/pages\/3","targetHints":{"allow":["GET"]}}],"collection":[{"href":"https:\/\/eventurismo.com.uy\/lotengoshop\/wp-json\/wp\/v2\/pages"}],"about":[{"href":"https:\/\/eventurismo.com.uy\/lotengoshop\/wp-json\/wp\/v2\/types\/page"}],"author":[{"embeddable":true,"href":"https:\/\/eventurismo.com.uy\/lotengoshop\/wp-json\/wp\/v2\/users\/3"}],"replies":[{"embeddable":true,"href":"https:\/\/eventurismo.com.uy\/lotengoshop\/wp-json\/wp\/v2\/comments?post=3"}],"version-history":[{"count":2,"href":"https:\/\/eventurismo.com.uy\/lotengoshop\/wp-json\/wp\/v2\/pages\/3\/revisions"}],"predecessor-version":[{"id":16386,"href":"https:\/\/eventurismo.com.uy\/lotengoshop\/wp-json\/wp\/v2\/pages\/3\/revisions\/16386"}],"wp:attachment":[{"href":"https:\/\/eventurismo.com.uy\/lotengoshop\/wp-json\/wp\/v2\/media?parent=3"}],"curies":[{"name":"wp","href":"https:\/\/api.w.org\/{rel}","templated":true}]}}