{"id":16997,"date":"2025-11-19T17:13:34","date_gmt":"2025-11-19T20:13:34","guid":{"rendered":"https:\/\/eventurismo.com.uy\/lotengoshop\/?post_type=product&#038;p=16997"},"modified":"2025-11-19T17:23:53","modified_gmt":"2025-11-19T20:23:53","slug":"claridad","status":"publish","type":"product","link":"https:\/\/eventurismo.com.uy\/lotengoshop\/producto\/wellness-health\/terapias\/claridad\/","title":{"rendered":"Claridad"},"content":{"rendered":"\t\t<div data-elementor-type=\"product-post\" data-elementor-id=\"16997\" class=\"elementor elementor-16997\" data-elementor-post-type=\"product\">\n\t\t\t\t<div class=\"elementor-element elementor-element-5ce13e51 e-flex e-con-boxed e-con e-parent\" data-id=\"5ce13e51\" data-element_type=\"container\">\n\t\t\t\t\t<div class=\"e-con-inner\">\n\t\t\t\t<div class=\"elementor-element elementor-element-bc644af color-scheme-inherit text-left elementor-widget elementor-widget-text-editor\" data-id=\"bc644af\" data-element_type=\"widget\" data-widget_type=\"text-editor.default\">\n\t\t\t\t<div class=\"elementor-widget-container\">\n\t\t\t\t\t\t\t\t\t<p><strong>Claridad es el m\u00e9todo para ordenar tu vida, tus ideas y tus pr\u00f3ximos pasos.<\/strong><\/p><p>Es un programa intensivo de 4 sesiones donde <strong>trabajamos en profundidad tu situaci\u00f3n actual, tus ideas, tus objetivos y el rumbo que quer\u00e9s tomar<\/strong>.<\/p><p>Es un proceso dise\u00f1ado especialmente, <strong>que fusiona\u00a0 t\u00e8cnicas de coaching y programaci\u00f2n neurolinguistica <\/strong>para personas que necesitan detenerse, entender d\u00f3nde est\u00e1n paradas y salir con una visi\u00f3n concreta y acciones aplicables de forma real.<\/p>\t\t\t\t\t\t\t\t<\/div>\n\t\t\t\t<\/div>\n\t\t\t\t\t<\/div>\n\t\t\t\t<\/div>\n\t\t\t\t<\/div>\n\t\t","protected":false},"excerpt":{"rendered":"<h3><strong>Para este servicio el precio esta expresado en d\u00f3lares<\/strong><\/h3>\n<p>Para personas que:<\/p>\n<ul>\n<li>Tienen una idea dando vueltas (personal o profesional) y no saben por d\u00f3nde empezar.<\/li>\n<li>Necesitan reorganizar su vida o redefinir un rumbo.<\/li>\n<li>Est\u00e1n atravesando un momento de cambios, dudas o decisiones importantes.<\/li>\n<li>Sienten desorden mental, falta de foco o m\u00faltiples direcciones posibles.<\/li>\n<li>Quieren ver su situaci\u00f3n desde una mirada integral y objetiva.<\/li>\n<\/ul>\n<p><strong>\ud83d\udd0e<\/strong><strong> Qu\u00e9 vas a lograr?<\/strong><\/p>\n<ul>\n<li>Entender claramente c\u00f3mo est\u00e1 tu vida hoy en todas las \u00e1reas importantes.<\/li>\n<li>Ordenar tus ideas y definir cuales merecen tu atenci\u00f3n plena ahora.<\/li>\n<li>Identificar obst\u00e1culos internos y externos.<\/li>\n<li>Definir un camino posible, real y alineado con vos.<\/li>\n<li>Dise\u00f1ar pasos concretos para avanzar sin abrumarte.<\/li>\n<li>Recuperar foco, direcci\u00f3n y tranquilidad mental.<\/li>\n<\/ul>\n<p>\ud83e\udde9 <strong>C\u00f3mo funciona?<\/strong><\/p>\n<p>Duraci\u00f3n: 4 semanas<\/p>\n<p>Modalidad: 1 sesi\u00f3n semanal de 1h30<\/p>\n<p>Incluye:<\/p>\n<ul>\n<li>4 sesiones individuales de trabajo profundo<\/li>\n<li>Material de apoyo entre sesiones<\/li>\n<li>Ejercicios pr\u00e1cticos sobre tu vida, tu objetivo y tu situaci\u00f3n actual<\/li>\n<li>Acompa\u00f1amiento personalizado durante todo el proceso<\/li>\n<\/ul>\n<p><strong>Cada encuentro te lleva de lo abstracto a lo concreto, y de la confusi\u00f3n a la claridad.<\/strong><\/p>\n<p><strong>\ud83c\udfaf<\/strong><strong> Resultado final:<\/strong><\/p>\n<p><strong>Finalizas el proceso con una visi\u00f3n clara de tu presente, un objetivo elegido con sentido y un plan concreto para empezar a materializarlo.<\/strong><\/p>\n<p><strong>\u2b50<\/strong><strong> Si quer\u00e9s empezar a ordenar tu vida:<\/strong><\/p>\n<p>Pod\u00e9s contratar Claridad directamente desde esta p\u00e1gina.<\/p>\n<p>Validez voucher: 30 d\u00edas para contacto y coordinaci\u00f3n<\/p>\n","protected":false},"featured_media":16991,"template":"","meta":[],"product_brand":[],"product_cat":[107,84,111],"product_tag":[113,112],"class_list":{"0":"post-16997","1":"product","2":"type-product","3":"status-publish","4":"has-post-thumbnail","6":"product_cat-bienestar","7":"product_cat-terapias","8":"product_cat-wellness-health","9":"product_tag-coaching","10":"product_tag-terapias-alternativas","12":"first","13":"instock","14":"shipping-taxable","15":"purchasable","16":"product-type-simple"},"yoast_head":"<!-- This site is optimized with the Yoast SEO plugin v24.5 - https:\/\/yoast.com\/wordpress\/plugins\/seo\/ -->\n<title>Claridad - A.B.I.T.U.<\/title>\n<meta name=\"robots\" content=\"index, follow, max-snippet:-1, max-image-preview:large, max-video-preview:-1\" \/>\n<link rel=\"canonical\" href=\"https:\/\/eventurismo.com.uy\/lotengoshop\/producto\/wellness-health\/terapias\/claridad\/\" \/>\n<meta property=\"og:locale\" content=\"es_ES\" \/>\n<meta property=\"og:type\" content=\"article\" \/>\n<meta property=\"og:title\" content=\"Claridad - A.B.I.T.U.\" \/>\n<meta property=\"og:description\" content=\"Para este servicio el precio esta expresado en d\u00f3lares Para personas que:   Tienen una idea dando vueltas (personal o profesional) y no saben por d\u00f3nde empezar.  Necesitan reorganizar su vida o redefinir un rumbo.  Est\u00e1n atravesando un momento de cambios, dudas o decisiones importantes.  Sienten desorden mental, falta de foco o m\u00faltiples direcciones posibles.  Quieren ver su situaci\u00f3n desde una mirada integral y objetiva.  \ud83d\udd0e Qu\u00e9 vas a lograr?   Entender claramente c\u00f3mo est\u00e1 tu vida hoy en todas las \u00e1reas importantes.  Ordenar tus ideas y definir cuales merecen tu atenci\u00f3n plena ahora.  Identificar obst\u00e1culos internos y externos.  Definir un camino posible, real y alineado con vos.  Dise\u00f1ar pasos concretos para avanzar sin abrumarte.  Recuperar foco, direcci\u00f3n y tranquilidad mental.  \ud83e\udde9 C\u00f3mo funciona?  Duraci\u00f3n: 4 semanas  Modalidad: 1 sesi\u00f3n semanal de 1h30  Incluye:   4 sesiones individuales de trabajo profundo  Material de apoyo entre sesiones  Ejercicios pr\u00e1cticos sobre tu vida, tu objetivo y tu situaci\u00f3n actual  Acompa\u00f1amiento personalizado durante todo el proceso  Cada encuentro te lleva de lo abstracto a lo concreto, y de la confusi\u00f3n a la claridad.  \ud83c\udfaf Resultado final:  Finalizas el proceso con una visi\u00f3n clara de tu presente, un objetivo elegido con sentido y un plan concreto para empezar a materializarlo.  \u2b50 Si quer\u00e9s empezar a ordenar tu vida:  Pod\u00e9s contratar Claridad directamente desde esta p\u00e1gina.  Validez voucher: 30 d\u00edas para contacto y coordinaci\u00f3n\" \/>\n<meta property=\"og:url\" content=\"https:\/\/eventurismo.com.uy\/lotengoshop\/producto\/wellness-health\/terapias\/claridad\/\" \/>\n<meta property=\"og:site_name\" content=\"A.B.I.T.U.\" \/>\n<meta property=\"article:publisher\" content=\"https:\/\/www.facebook.com\/lotengo.uy\" \/>\n<meta property=\"article:modified_time\" content=\"2025-11-19T20:23:53+00:00\" \/>\n<meta property=\"og:image\" content=\"https:\/\/eventurismo.com.uy\/lotengoshop\/wp-content\/uploads\/2025\/11\/Imagen-de-WhatsApp-2025-11-19-a-las-15.28.53_792ee41a.jpg\" \/>\n\t<meta property=\"og:image:width\" content=\"828\" \/>\n\t<meta property=\"og:image:height\" content=\"1472\" \/>\n\t<meta property=\"og:image:type\" content=\"image\/jpeg\" \/>\n<meta name=\"twitter:card\" content=\"summary_large_image\" \/>\n<meta name=\"twitter:label1\" content=\"Tiempo de lectura\" \/>\n\t<meta name=\"twitter:data1\" content=\"1 minuto\" \/>\n<script type=\"application\/ld+json\" class=\"yoast-schema-graph\">{\"@context\":\"https:\/\/schema.org\",\"@graph\":[{\"@type\":\"WebPage\",\"@id\":\"https:\/\/eventurismo.com.uy\/lotengoshop\/producto\/wellness-health\/terapias\/claridad\/\",\"url\":\"https:\/\/eventurismo.com.uy\/lotengoshop\/producto\/wellness-health\/terapias\/claridad\/\",\"name\":\"Claridad - A.B.I.T.U.\",\"isPartOf\":{\"@id\":\"https:\/\/eventurismo.com.uy\/lotengoshop\/#website\"},\"primaryImageOfPage\":{\"@id\":\"https:\/\/eventurismo.com.uy\/lotengoshop\/producto\/wellness-health\/terapias\/claridad\/#primaryimage\"},\"image\":{\"@id\":\"https:\/\/eventurismo.com.uy\/lotengoshop\/producto\/wellness-health\/terapias\/claridad\/#primaryimage\"},\"thumbnailUrl\":\"https:\/\/eventurismo.com.uy\/lotengoshop\/wp-content\/uploads\/2025\/11\/Imagen-de-WhatsApp-2025-11-19-a-las-15.28.53_792ee41a.jpg\",\"datePublished\":\"2025-11-19T20:13:34+00:00\",\"dateModified\":\"2025-11-19T20:23:53+00:00\",\"breadcrumb\":{\"@id\":\"https:\/\/eventurismo.com.uy\/lotengoshop\/producto\/wellness-health\/terapias\/claridad\/#breadcrumb\"},\"inLanguage\":\"es\",\"potentialAction\":[{\"@type\":\"ReadAction\",\"target\":[\"https:\/\/eventurismo.com.uy\/lotengoshop\/producto\/wellness-health\/terapias\/claridad\/\"]}]},{\"@type\":\"ImageObject\",\"inLanguage\":\"es\",\"@id\":\"https:\/\/eventurismo.com.uy\/lotengoshop\/producto\/wellness-health\/terapias\/claridad\/#primaryimage\",\"url\":\"https:\/\/eventurismo.com.uy\/lotengoshop\/wp-content\/uploads\/2025\/11\/Imagen-de-WhatsApp-2025-11-19-a-las-15.28.53_792ee41a.jpg\",\"contentUrl\":\"https:\/\/eventurismo.com.uy\/lotengoshop\/wp-content\/uploads\/2025\/11\/Imagen-de-WhatsApp-2025-11-19-a-las-15.28.53_792ee41a.jpg\",\"width\":828,\"height\":1472},{\"@type\":\"BreadcrumbList\",\"@id\":\"https:\/\/eventurismo.com.uy\/lotengoshop\/producto\/wellness-health\/terapias\/claridad\/#breadcrumb\",\"itemListElement\":[{\"@type\":\"ListItem\",\"position\":1,\"name\":\"Portada\",\"item\":\"https:\/\/eventurismo.com.uy\/lotengoshop\/\"},{\"@type\":\"ListItem\",\"position\":2,\"name\":\"Plataforma Wellness\",\"item\":\"https:\/\/eventurismo.com.uy\/lotengoshop\/tienda\/\"},{\"@type\":\"ListItem\",\"position\":3,\"name\":\"Claridad\"}]},{\"@type\":\"WebSite\",\"@id\":\"https:\/\/eventurismo.com.uy\/lotengoshop\/#website\",\"url\":\"https:\/\/eventurismo.com.uy\/lotengoshop\/\",\"name\":\"Lo Tengo shop\",\"description\":\"Asociacion de Bienestar Integral y Transformaci\u00f3n del Uruguay\",\"publisher\":{\"@id\":\"https:\/\/eventurismo.com.uy\/lotengoshop\/#organization\"},\"potentialAction\":[{\"@type\":\"SearchAction\",\"target\":{\"@type\":\"EntryPoint\",\"urlTemplate\":\"https:\/\/eventurismo.com.uy\/lotengoshop\/?s={search_term_string}\"},\"query-input\":{\"@type\":\"PropertyValueSpecification\",\"valueRequired\":true,\"valueName\":\"search_term_string\"}}],\"inLanguage\":\"es\"},{\"@type\":\"Organization\",\"@id\":\"https:\/\/eventurismo.com.uy\/lotengoshop\/#organization\",\"name\":\"Lo Tengo shop\",\"url\":\"https:\/\/eventurismo.com.uy\/lotengoshop\/\",\"logo\":{\"@type\":\"ImageObject\",\"inLanguage\":\"es\",\"@id\":\"https:\/\/eventurismo.com.uy\/lotengoshop\/#\/schema\/logo\/image\/\",\"url\":\"\",\"contentUrl\":\"\",\"caption\":\"Lo Tengo shop\"},\"image\":{\"@id\":\"https:\/\/eventurismo.com.uy\/lotengoshop\/#\/schema\/logo\/image\/\"},\"sameAs\":[\"https:\/\/www.facebook.com\/lotengo.uy\",\"https:\/\/www.instagram.com\/lotengo.uy\/\"]}]}<\/script>\n<!-- \/ Yoast SEO plugin. -->","yoast_head_json":{"title":"Claridad - A.B.I.T.U.","robots":{"index":"index","follow":"follow","max-snippet":"max-snippet:-1","max-image-preview":"max-image-preview:large","max-video-preview":"max-video-preview:-1"},"canonical":"https:\/\/eventurismo.com.uy\/lotengoshop\/producto\/wellness-health\/terapias\/claridad\/","og_locale":"es_ES","og_type":"article","og_title":"Claridad - A.B.I.T.U.","og_description":"Para este servicio el precio esta expresado en d\u00f3lares Para personas que:   Tienen una idea dando vueltas (personal o profesional) y no saben por d\u00f3nde empezar.  Necesitan reorganizar su vida o redefinir un rumbo.  Est\u00e1n atravesando un momento de cambios, dudas o decisiones importantes.  Sienten desorden mental, falta de foco o m\u00faltiples direcciones posibles.  Quieren ver su situaci\u00f3n desde una mirada integral y objetiva.  \ud83d\udd0e Qu\u00e9 vas a lograr?   Entender claramente c\u00f3mo est\u00e1 tu vida hoy en todas las \u00e1reas importantes.  Ordenar tus ideas y definir cuales merecen tu atenci\u00f3n plena ahora.  Identificar obst\u00e1culos internos y externos.  Definir un camino posible, real y alineado con vos.  Dise\u00f1ar pasos concretos para avanzar sin abrumarte.  Recuperar foco, direcci\u00f3n y tranquilidad mental.  \ud83e\udde9 C\u00f3mo funciona?  Duraci\u00f3n: 4 semanas  Modalidad: 1 sesi\u00f3n semanal de 1h30  Incluye:   4 sesiones individuales de trabajo profundo  Material de apoyo entre sesiones  Ejercicios pr\u00e1cticos sobre tu vida, tu objetivo y tu situaci\u00f3n actual  Acompa\u00f1amiento personalizado durante todo el proceso  Cada encuentro te lleva de lo abstracto a lo concreto, y de la confusi\u00f3n a la claridad.  \ud83c\udfaf Resultado final:  Finalizas el proceso con una visi\u00f3n clara de tu presente, un objetivo elegido con sentido y un plan concreto para empezar a materializarlo.  \u2b50 Si quer\u00e9s empezar a ordenar tu vida:  Pod\u00e9s contratar Claridad directamente desde esta p\u00e1gina.  Validez voucher: 30 d\u00edas para contacto y coordinaci\u00f3n","og_url":"https:\/\/eventurismo.com.uy\/lotengoshop\/producto\/wellness-health\/terapias\/claridad\/","og_site_name":"A.B.I.T.U.","article_publisher":"https:\/\/www.facebook.com\/lotengo.uy","article_modified_time":"2025-11-19T20:23:53+00:00","og_image":[{"width":828,"height":1472,"url":"https:\/\/eventurismo.com.uy\/lotengoshop\/wp-content\/uploads\/2025\/11\/Imagen-de-WhatsApp-2025-11-19-a-las-15.28.53_792ee41a.jpg","type":"image\/jpeg"}],"twitter_card":"summary_large_image","twitter_misc":{"Tiempo de lectura":"1 minuto"},"schema":{"@context":"https:\/\/schema.org","@graph":[{"@type":"WebPage","@id":"https:\/\/eventurismo.com.uy\/lotengoshop\/producto\/wellness-health\/terapias\/claridad\/","url":"https:\/\/eventurismo.com.uy\/lotengoshop\/producto\/wellness-health\/terapias\/claridad\/","name":"Claridad - A.B.I.T.U.","isPartOf":{"@id":"https:\/\/eventurismo.com.uy\/lotengoshop\/#website"},"primaryImageOfPage":{"@id":"https:\/\/eventurismo.com.uy\/lotengoshop\/producto\/wellness-health\/terapias\/claridad\/#primaryimage"},"image":{"@id":"https:\/\/eventurismo.com.uy\/lotengoshop\/producto\/wellness-health\/terapias\/claridad\/#primaryimage"},"thumbnailUrl":"https:\/\/eventurismo.com.uy\/lotengoshop\/wp-content\/uploads\/2025\/11\/Imagen-de-WhatsApp-2025-11-19-a-las-15.28.53_792ee41a.jpg","datePublished":"2025-11-19T20:13:34+00:00","dateModified":"2025-11-19T20:23:53+00:00","breadcrumb":{"@id":"https:\/\/eventurismo.com.uy\/lotengoshop\/producto\/wellness-health\/terapias\/claridad\/#breadcrumb"},"inLanguage":"es","potentialAction":[{"@type":"ReadAction","target":["https:\/\/eventurismo.com.uy\/lotengoshop\/producto\/wellness-health\/terapias\/claridad\/"]}]},{"@type":"ImageObject","inLanguage":"es","@id":"https:\/\/eventurismo.com.uy\/lotengoshop\/producto\/wellness-health\/terapias\/claridad\/#primaryimage","url":"https:\/\/eventurismo.com.uy\/lotengoshop\/wp-content\/uploads\/2025\/11\/Imagen-de-WhatsApp-2025-11-19-a-las-15.28.53_792ee41a.jpg","contentUrl":"https:\/\/eventurismo.com.uy\/lotengoshop\/wp-content\/uploads\/2025\/11\/Imagen-de-WhatsApp-2025-11-19-a-las-15.28.53_792ee41a.jpg","width":828,"height":1472},{"@type":"BreadcrumbList","@id":"https:\/\/eventurismo.com.uy\/lotengoshop\/producto\/wellness-health\/terapias\/claridad\/#breadcrumb","itemListElement":[{"@type":"ListItem","position":1,"name":"Portada","item":"https:\/\/eventurismo.com.uy\/lotengoshop\/"},{"@type":"ListItem","position":2,"name":"Plataforma Wellness","item":"https:\/\/eventurismo.com.uy\/lotengoshop\/tienda\/"},{"@type":"ListItem","position":3,"name":"Claridad"}]},{"@type":"WebSite","@id":"https:\/\/eventurismo.com.uy\/lotengoshop\/#website","url":"https:\/\/eventurismo.com.uy\/lotengoshop\/","name":"Lo Tengo shop","description":"Asociacion de Bienestar Integral y Transformaci\u00f3n del Uruguay","publisher":{"@id":"https:\/\/eventurismo.com.uy\/lotengoshop\/#organization"},"potentialAction":[{"@type":"SearchAction","target":{"@type":"EntryPoint","urlTemplate":"https:\/\/eventurismo.com.uy\/lotengoshop\/?s={search_term_string}"},"query-input":{"@type":"PropertyValueSpecification","valueRequired":true,"valueName":"search_term_string"}}],"inLanguage":"es"},{"@type":"Organization","@id":"https:\/\/eventurismo.com.uy\/lotengoshop\/#organization","name":"Lo Tengo shop","url":"https:\/\/eventurismo.com.uy\/lotengoshop\/","logo":{"@type":"ImageObject","inLanguage":"es","@id":"https:\/\/eventurismo.com.uy\/lotengoshop\/#\/schema\/logo\/image\/","url":"","contentUrl":"","caption":"Lo Tengo shop"},"image":{"@id":"https:\/\/eventurismo.com.uy\/lotengoshop\/#\/schema\/logo\/image\/"},"sameAs":["https:\/\/www.facebook.com\/lotengo.uy","https:\/\/www.instagram.com\/lotengo.uy\/"]}]}},"_links":{"self":[{"href":"https:\/\/eventurismo.com.uy\/lotengoshop\/wp-json\/wp\/v2\/product\/16997","targetHints":{"allow":["GET"]}}],"collection":[{"href":"https:\/\/eventurismo.com.uy\/lotengoshop\/wp-json\/wp\/v2\/product"}],"about":[{"href":"https:\/\/eventurismo.com.uy\/lotengoshop\/wp-json\/wp\/v2\/types\/product"}],"version-history":[{"count":5,"href":"https:\/\/eventurismo.com.uy\/lotengoshop\/wp-json\/wp\/v2\/product\/16997\/revisions"}],"predecessor-version":[{"id":17003,"href":"https:\/\/eventurismo.com.uy\/lotengoshop\/wp-json\/wp\/v2\/product\/16997\/revisions\/17003"}],"wp:featuredmedia":[{"embeddable":true,"href":"https:\/\/eventurismo.com.uy\/lotengoshop\/wp-json\/wp\/v2\/media\/16991"}],"wp:attachment":[{"href":"https:\/\/eventurismo.com.uy\/lotengoshop\/wp-json\/wp\/v2\/media?parent=16997"}],"wp:term":[{"taxonomy":"product_brand","embeddable":true,"href":"https:\/\/eventurismo.com.uy\/lotengoshop\/wp-json\/wp\/v2\/product_brand?post=16997"},{"taxonomy":"product_cat","embeddable":true,"href":"https:\/\/eventurismo.com.uy\/lotengoshop\/wp-json\/wp\/v2\/product_cat?post=16997"},{"taxonomy":"product_tag","embeddable":true,"href":"https:\/\/eventurismo.com.uy\/lotengoshop\/wp-json\/wp\/v2\/product_tag?post=16997"}],"curies":[{"name":"wp","href":"https:\/\/api.w.org\/{rel}","templated":true}]}}