{"id":17137,"date":"2026-03-05T10:21:28","date_gmt":"2026-03-05T13:21:28","guid":{"rendered":"https:\/\/eventurismo.com.uy\/lotengoshop\/?post_type=product&#038;p=17137"},"modified":"2026-03-09T10:26:25","modified_gmt":"2026-03-09T13:26:25","slug":"proceso-de-transformacion-3-meses","status":"publish","type":"product","link":"https:\/\/eventurismo.com.uy\/lotengoshop\/producto\/wellness-health\/terapias\/proceso-de-transformacion-3-meses\/","title":{"rendered":"Proceso de Transformaci\u00f3n Personal con PNL (Acompa\u00f1amiento 3 meses)"},"content":{"rendered":"<p>Si necesitas claridad a la hora de transitar alg\u00fan desaf\u00edo de la vida, estoy ac\u00e1 para que no camines solo\/a.<br \/>\nAcompa\u00f1amiento personalizado con herramientas de Programaci\u00f3n Neuroling\u00fc\u00edstica (PNL) y coaching por un mes.<br \/>\nLas personas que pasan por un proceso de PNL conmigo se sienten m\u00e1s livianas, con mayor paz y claridad.<\/p>\n<p><strong>M\u00e1s detalles<\/strong><\/p>\n<p>Empiezan a comprender por qu\u00e9 repet\u00edan ciertas situaciones y logran salir de estados donde se sent\u00edan trabadas o en pausa.<\/p>\n<p>Muchas veces llegan cuando, a pesar de intentarlo aparentemente todo, sienten que algo las frena o no les permite avanzar con la tranquilidad que buscan.<\/p>\n<p>El proceso les permite recuperar confianza, tomar decisiones con m\u00e1s seguridad y abrir espacio para crecer, tanto en lo personal como en lo profesional.<\/p>\n<p>El acompa\u00f1amiento es personalizado, adecuado a la necesidad de cada persona. No hay dos procesos iguales y en esto radica la riqueza y valioso del acompa\u00f1amiento, el cual se adapta de forma espec\u00edfica a lo que est\u00e1s buscando y necesitando.<\/p>\n","protected":false},"excerpt":{"rendered":"<p>(Sesi\u00f3n individual a distancia)<\/p>\n<p>\ud83d\udd6f\ufe0f 1 sesi\u00f3n profunda de 60 a 120 minutos (o el tiempo necesario seg\u00fan el caso)<\/p>\n<p>\ud83d\udcc5 Horarios a coordinar<\/p>\n<p>\u23f3 Duraci\u00f3n del bono: 1 semana para agendarse luego de la compra<\/p>\n<p>\u2757 Cancelaciones con m\u00ednimo 24 hs de anticipaci\u00f3n, de lo contrario se pierde la sesi\u00f3n<\/p>\n","protected":false},"featured_media":17128,"template":"","meta":[],"product_brand":[],"product_cat":[107,84,111],"product_tag":[112],"class_list":{"0":"post-17137","1":"product","2":"type-product","3":"status-publish","4":"has-post-thumbnail","6":"product_cat-bienestar","7":"product_cat-terapias","8":"product_cat-wellness-health","9":"product_tag-terapias-alternativas","11":"first","12":"instock","13":"shipping-taxable","14":"purchasable","15":"product-type-simple"},"yoast_head":"<!-- This site is optimized with the Yoast SEO plugin v24.5 - https:\/\/yoast.com\/wordpress\/plugins\/seo\/ -->\n<title>Proceso de Transformaci\u00f3n Personal con PNL (Acompa\u00f1amiento 3 meses) - A.B.I.T.U.<\/title>\n<meta name=\"robots\" content=\"index, follow, max-snippet:-1, max-image-preview:large, max-video-preview:-1\" \/>\n<link rel=\"canonical\" href=\"https:\/\/eventurismo.com.uy\/lotengoshop\/producto\/wellness-health\/terapias\/proceso-de-transformacion-3-meses\/\" \/>\n<meta property=\"og:locale\" content=\"es_ES\" \/>\n<meta property=\"og:type\" content=\"article\" \/>\n<meta property=\"og:title\" content=\"Proceso de Transformaci\u00f3n Personal con PNL (Acompa\u00f1amiento 3 meses) - A.B.I.T.U.\" \/>\n<meta property=\"og:description\" content=\"(Sesi\u00f3n individual a distancia)  \ud83d\udd6f\ufe0f 1 sesi\u00f3n profunda de 60 a 120 minutos (o el tiempo necesario seg\u00fan el caso)  \ud83d\udcc5 Horarios a coordinar  \u23f3 Duraci\u00f3n del bono: 1 semana para agendarse luego de la compra  \u2757 Cancelaciones con m\u00ednimo 24 hs de anticipaci\u00f3n, de lo contrario se pierde la sesi\u00f3n\" \/>\n<meta property=\"og:url\" content=\"https:\/\/eventurismo.com.uy\/lotengoshop\/producto\/wellness-health\/terapias\/proceso-de-transformacion-3-meses\/\" \/>\n<meta property=\"og:site_name\" content=\"A.B.I.T.U.\" \/>\n<meta property=\"article:publisher\" content=\"https:\/\/www.facebook.com\/lotengo.uy\" \/>\n<meta property=\"article:modified_time\" content=\"2026-03-09T13:26:25+00:00\" \/>\n<meta property=\"og:image\" content=\"https:\/\/eventurismo.com.uy\/lotengoshop\/wp-content\/uploads\/2026\/03\/WhatsApp-Image-2026-03-04-at-19.56.50.jpeg\" \/>\n\t<meta property=\"og:image:width\" content=\"1080\" \/>\n\t<meta property=\"og:image:height\" content=\"1150\" \/>\n\t<meta property=\"og:image:type\" content=\"image\/jpeg\" \/>\n<meta name=\"twitter:card\" content=\"summary_large_image\" \/>\n<meta name=\"twitter:label1\" content=\"Tiempo de lectura\" \/>\n\t<meta name=\"twitter:data1\" content=\"1 minuto\" \/>\n<script type=\"application\/ld+json\" class=\"yoast-schema-graph\">{\"@context\":\"https:\/\/schema.org\",\"@graph\":[{\"@type\":\"WebPage\",\"@id\":\"https:\/\/eventurismo.com.uy\/lotengoshop\/producto\/wellness-health\/terapias\/proceso-de-transformacion-3-meses\/\",\"url\":\"https:\/\/eventurismo.com.uy\/lotengoshop\/producto\/wellness-health\/terapias\/proceso-de-transformacion-3-meses\/\",\"name\":\"Proceso de Transformaci\u00f3n Personal con PNL (Acompa\u00f1amiento 3 meses) - A.B.I.T.U.\",\"isPartOf\":{\"@id\":\"https:\/\/eventurismo.com.uy\/lotengoshop\/#website\"},\"primaryImageOfPage\":{\"@id\":\"https:\/\/eventurismo.com.uy\/lotengoshop\/producto\/wellness-health\/terapias\/proceso-de-transformacion-3-meses\/#primaryimage\"},\"image\":{\"@id\":\"https:\/\/eventurismo.com.uy\/lotengoshop\/producto\/wellness-health\/terapias\/proceso-de-transformacion-3-meses\/#primaryimage\"},\"thumbnailUrl\":\"https:\/\/eventurismo.com.uy\/lotengoshop\/wp-content\/uploads\/2026\/03\/WhatsApp-Image-2026-03-04-at-19.56.50.jpeg\",\"datePublished\":\"2026-03-05T13:21:28+00:00\",\"dateModified\":\"2026-03-09T13:26:25+00:00\",\"breadcrumb\":{\"@id\":\"https:\/\/eventurismo.com.uy\/lotengoshop\/producto\/wellness-health\/terapias\/proceso-de-transformacion-3-meses\/#breadcrumb\"},\"inLanguage\":\"es\",\"potentialAction\":[{\"@type\":\"ReadAction\",\"target\":[\"https:\/\/eventurismo.com.uy\/lotengoshop\/producto\/wellness-health\/terapias\/proceso-de-transformacion-3-meses\/\"]}]},{\"@type\":\"ImageObject\",\"inLanguage\":\"es\",\"@id\":\"https:\/\/eventurismo.com.uy\/lotengoshop\/producto\/wellness-health\/terapias\/proceso-de-transformacion-3-meses\/#primaryimage\",\"url\":\"https:\/\/eventurismo.com.uy\/lotengoshop\/wp-content\/uploads\/2026\/03\/WhatsApp-Image-2026-03-04-at-19.56.50.jpeg\",\"contentUrl\":\"https:\/\/eventurismo.com.uy\/lotengoshop\/wp-content\/uploads\/2026\/03\/WhatsApp-Image-2026-03-04-at-19.56.50.jpeg\",\"width\":1080,\"height\":1150},{\"@type\":\"BreadcrumbList\",\"@id\":\"https:\/\/eventurismo.com.uy\/lotengoshop\/producto\/wellness-health\/terapias\/proceso-de-transformacion-3-meses\/#breadcrumb\",\"itemListElement\":[{\"@type\":\"ListItem\",\"position\":1,\"name\":\"Portada\",\"item\":\"https:\/\/eventurismo.com.uy\/lotengoshop\/\"},{\"@type\":\"ListItem\",\"position\":2,\"name\":\"Plataforma Wellness\",\"item\":\"https:\/\/eventurismo.com.uy\/lotengoshop\/tienda\/\"},{\"@type\":\"ListItem\",\"position\":3,\"name\":\"Proceso de Transformaci\u00f3n Personal con PNL (Acompa\u00f1amiento 3 meses)\"}]},{\"@type\":\"WebSite\",\"@id\":\"https:\/\/eventurismo.com.uy\/lotengoshop\/#website\",\"url\":\"https:\/\/eventurismo.com.uy\/lotengoshop\/\",\"name\":\"Lo Tengo shop\",\"description\":\"Asociacion de Bienestar Integral y Transformaci\u00f3n del Uruguay\",\"publisher\":{\"@id\":\"https:\/\/eventurismo.com.uy\/lotengoshop\/#organization\"},\"potentialAction\":[{\"@type\":\"SearchAction\",\"target\":{\"@type\":\"EntryPoint\",\"urlTemplate\":\"https:\/\/eventurismo.com.uy\/lotengoshop\/?s={search_term_string}\"},\"query-input\":{\"@type\":\"PropertyValueSpecification\",\"valueRequired\":true,\"valueName\":\"search_term_string\"}}],\"inLanguage\":\"es\"},{\"@type\":\"Organization\",\"@id\":\"https:\/\/eventurismo.com.uy\/lotengoshop\/#organization\",\"name\":\"Lo Tengo shop\",\"url\":\"https:\/\/eventurismo.com.uy\/lotengoshop\/\",\"logo\":{\"@type\":\"ImageObject\",\"inLanguage\":\"es\",\"@id\":\"https:\/\/eventurismo.com.uy\/lotengoshop\/#\/schema\/logo\/image\/\",\"url\":\"\",\"contentUrl\":\"\",\"caption\":\"Lo Tengo shop\"},\"image\":{\"@id\":\"https:\/\/eventurismo.com.uy\/lotengoshop\/#\/schema\/logo\/image\/\"},\"sameAs\":[\"https:\/\/www.facebook.com\/lotengo.uy\",\"https:\/\/www.instagram.com\/lotengo.uy\/\"]}]}<\/script>\n<!-- \/ Yoast SEO plugin. -->","yoast_head_json":{"title":"Proceso de Transformaci\u00f3n Personal con PNL (Acompa\u00f1amiento 3 meses) - A.B.I.T.U.","robots":{"index":"index","follow":"follow","max-snippet":"max-snippet:-1","max-image-preview":"max-image-preview:large","max-video-preview":"max-video-preview:-1"},"canonical":"https:\/\/eventurismo.com.uy\/lotengoshop\/producto\/wellness-health\/terapias\/proceso-de-transformacion-3-meses\/","og_locale":"es_ES","og_type":"article","og_title":"Proceso de Transformaci\u00f3n Personal con PNL (Acompa\u00f1amiento 3 meses) - A.B.I.T.U.","og_description":"(Sesi\u00f3n individual a distancia)  \ud83d\udd6f\ufe0f 1 sesi\u00f3n profunda de 60 a 120 minutos (o el tiempo necesario seg\u00fan el caso)  \ud83d\udcc5 Horarios a coordinar  \u23f3 Duraci\u00f3n del bono: 1 semana para agendarse luego de la compra  \u2757 Cancelaciones con m\u00ednimo 24 hs de anticipaci\u00f3n, de lo contrario se pierde la sesi\u00f3n","og_url":"https:\/\/eventurismo.com.uy\/lotengoshop\/producto\/wellness-health\/terapias\/proceso-de-transformacion-3-meses\/","og_site_name":"A.B.I.T.U.","article_publisher":"https:\/\/www.facebook.com\/lotengo.uy","article_modified_time":"2026-03-09T13:26:25+00:00","og_image":[{"width":1080,"height":1150,"url":"https:\/\/eventurismo.com.uy\/lotengoshop\/wp-content\/uploads\/2026\/03\/WhatsApp-Image-2026-03-04-at-19.56.50.jpeg","type":"image\/jpeg"}],"twitter_card":"summary_large_image","twitter_misc":{"Tiempo de lectura":"1 minuto"},"schema":{"@context":"https:\/\/schema.org","@graph":[{"@type":"WebPage","@id":"https:\/\/eventurismo.com.uy\/lotengoshop\/producto\/wellness-health\/terapias\/proceso-de-transformacion-3-meses\/","url":"https:\/\/eventurismo.com.uy\/lotengoshop\/producto\/wellness-health\/terapias\/proceso-de-transformacion-3-meses\/","name":"Proceso de Transformaci\u00f3n Personal con PNL (Acompa\u00f1amiento 3 meses) - A.B.I.T.U.","isPartOf":{"@id":"https:\/\/eventurismo.com.uy\/lotengoshop\/#website"},"primaryImageOfPage":{"@id":"https:\/\/eventurismo.com.uy\/lotengoshop\/producto\/wellness-health\/terapias\/proceso-de-transformacion-3-meses\/#primaryimage"},"image":{"@id":"https:\/\/eventurismo.com.uy\/lotengoshop\/producto\/wellness-health\/terapias\/proceso-de-transformacion-3-meses\/#primaryimage"},"thumbnailUrl":"https:\/\/eventurismo.com.uy\/lotengoshop\/wp-content\/uploads\/2026\/03\/WhatsApp-Image-2026-03-04-at-19.56.50.jpeg","datePublished":"2026-03-05T13:21:28+00:00","dateModified":"2026-03-09T13:26:25+00:00","breadcrumb":{"@id":"https:\/\/eventurismo.com.uy\/lotengoshop\/producto\/wellness-health\/terapias\/proceso-de-transformacion-3-meses\/#breadcrumb"},"inLanguage":"es","potentialAction":[{"@type":"ReadAction","target":["https:\/\/eventurismo.com.uy\/lotengoshop\/producto\/wellness-health\/terapias\/proceso-de-transformacion-3-meses\/"]}]},{"@type":"ImageObject","inLanguage":"es","@id":"https:\/\/eventurismo.com.uy\/lotengoshop\/producto\/wellness-health\/terapias\/proceso-de-transformacion-3-meses\/#primaryimage","url":"https:\/\/eventurismo.com.uy\/lotengoshop\/wp-content\/uploads\/2026\/03\/WhatsApp-Image-2026-03-04-at-19.56.50.jpeg","contentUrl":"https:\/\/eventurismo.com.uy\/lotengoshop\/wp-content\/uploads\/2026\/03\/WhatsApp-Image-2026-03-04-at-19.56.50.jpeg","width":1080,"height":1150},{"@type":"BreadcrumbList","@id":"https:\/\/eventurismo.com.uy\/lotengoshop\/producto\/wellness-health\/terapias\/proceso-de-transformacion-3-meses\/#breadcrumb","itemListElement":[{"@type":"ListItem","position":1,"name":"Portada","item":"https:\/\/eventurismo.com.uy\/lotengoshop\/"},{"@type":"ListItem","position":2,"name":"Plataforma Wellness","item":"https:\/\/eventurismo.com.uy\/lotengoshop\/tienda\/"},{"@type":"ListItem","position":3,"name":"Proceso de Transformaci\u00f3n Personal con PNL (Acompa\u00f1amiento 3 meses)"}]},{"@type":"WebSite","@id":"https:\/\/eventurismo.com.uy\/lotengoshop\/#website","url":"https:\/\/eventurismo.com.uy\/lotengoshop\/","name":"Lo Tengo shop","description":"Asociacion de Bienestar Integral y Transformaci\u00f3n del Uruguay","publisher":{"@id":"https:\/\/eventurismo.com.uy\/lotengoshop\/#organization"},"potentialAction":[{"@type":"SearchAction","target":{"@type":"EntryPoint","urlTemplate":"https:\/\/eventurismo.com.uy\/lotengoshop\/?s={search_term_string}"},"query-input":{"@type":"PropertyValueSpecification","valueRequired":true,"valueName":"search_term_string"}}],"inLanguage":"es"},{"@type":"Organization","@id":"https:\/\/eventurismo.com.uy\/lotengoshop\/#organization","name":"Lo Tengo shop","url":"https:\/\/eventurismo.com.uy\/lotengoshop\/","logo":{"@type":"ImageObject","inLanguage":"es","@id":"https:\/\/eventurismo.com.uy\/lotengoshop\/#\/schema\/logo\/image\/","url":"","contentUrl":"","caption":"Lo Tengo shop"},"image":{"@id":"https:\/\/eventurismo.com.uy\/lotengoshop\/#\/schema\/logo\/image\/"},"sameAs":["https:\/\/www.facebook.com\/lotengo.uy","https:\/\/www.instagram.com\/lotengo.uy\/"]}]}},"_links":{"self":[{"href":"https:\/\/eventurismo.com.uy\/lotengoshop\/wp-json\/wp\/v2\/product\/17137","targetHints":{"allow":["GET"]}}],"collection":[{"href":"https:\/\/eventurismo.com.uy\/lotengoshop\/wp-json\/wp\/v2\/product"}],"about":[{"href":"https:\/\/eventurismo.com.uy\/lotengoshop\/wp-json\/wp\/v2\/types\/product"}],"version-history":[{"count":1,"href":"https:\/\/eventurismo.com.uy\/lotengoshop\/wp-json\/wp\/v2\/product\/17137\/revisions"}],"predecessor-version":[{"id":17139,"href":"https:\/\/eventurismo.com.uy\/lotengoshop\/wp-json\/wp\/v2\/product\/17137\/revisions\/17139"}],"wp:featuredmedia":[{"embeddable":true,"href":"https:\/\/eventurismo.com.uy\/lotengoshop\/wp-json\/wp\/v2\/media\/17128"}],"wp:attachment":[{"href":"https:\/\/eventurismo.com.uy\/lotengoshop\/wp-json\/wp\/v2\/media?parent=17137"}],"wp:term":[{"taxonomy":"product_brand","embeddable":true,"href":"https:\/\/eventurismo.com.uy\/lotengoshop\/wp-json\/wp\/v2\/product_brand?post=17137"},{"taxonomy":"product_cat","embeddable":true,"href":"https:\/\/eventurismo.com.uy\/lotengoshop\/wp-json\/wp\/v2\/product_cat?post=17137"},{"taxonomy":"product_tag","embeddable":true,"href":"https:\/\/eventurismo.com.uy\/lotengoshop\/wp-json\/wp\/v2\/product_tag?post=17137"}],"curies":[{"name":"wp","href":"https:\/\/api.w.org\/{rel}","templated":true}]}}