{"id":17161,"date":"2026-04-21T17:58:59","date_gmt":"2026-04-21T20:58:59","guid":{"rendered":"https:\/\/eventurismo.com.uy\/lotengoshop\/?post_type=product&#038;p=17161"},"modified":"2026-04-21T20:27:14","modified_gmt":"2026-04-21T23:27:14","slug":"resetneurobiologico","status":"publish","type":"product","link":"https:\/\/eventurismo.com.uy\/lotengoshop\/producto\/wellness-health\/terapias\/resetneurobiologico\/","title":{"rendered":"Reset neurobiol\u00f3gico"},"content":{"rendered":"<p>Recupera tu capacidad de movimiento y enfoque mediante un protocolo de terapias manuales dise\u00f1ado para regular el sistema nervioso con la precisi\u00f3n exclusiva de Con Tacto IA\u2122.<\/p>\n<p>El proceso inicia con una evaluaci\u00f3n neurobiol\u00f3gica online para identificar tus necesidades exactas.<\/p>\n<p>Con estos datos, dise\u00f1amos un \u00abreinicio\u00bb a medida de tu sistema nervioso, optimizando cada presi\u00f3n y movimiento en la sesi\u00f3n f\u00edsica para restaurar tu equilibrio biol\u00f3gico.<\/p>\n<p>_______<\/p>\n<p><b>Est\u00e1 indicado para:<\/b><\/p>\n<p>&#8211; Profesionales de alto rendimiento sometidos a niveles cr\u00edticos de estr\u00e9s y exigencia mental.<\/p>\n<p>&#8211; Personas que experimentan una desconexi\u00f3n entre su mente y su cuerpo (vivir \u00abfuera de fase\u00bb).<\/p>\n<p>&#8211; Quienes buscan una soluci\u00f3n de bienestar eficiente y tecnol\u00f3gica que elimine la fatiga acumulada de ra\u00edz.<\/p>\n<p>&#8211; Usuarios que valoran la personalizaci\u00f3n basada en datos para su cuidado personal.<\/p>\n<p><b>Beneficios:<\/b><\/p>\n<p>&#8211; Regulaci\u00f3n neuroqu\u00edmica: Logra un descenso inmediato de los niveles de cortisol, estabilizando el \u00e1nimo.<\/p>\n<p>&#8211; Silencio mental profundo: Desactiva el ruido del pensamiento constante, devolviendo el foco y la presencia.<\/p>\n<p>&#8211; Restauraci\u00f3n biol\u00f3gica: Recupera la energ\u00eda vital y la fluidez del movimiento corporal.<\/p>\n<p>&#8211; Personalizaci\u00f3n de precisi\u00f3n: Un tratamiento dise\u00f1ado exclusivamente para tu realidad biol\u00f3gica actual, sin protocolos gen\u00e9ricos.<\/p>\n","protected":false},"excerpt":{"rendered":"<p><b>Incluye:<\/b><\/p>\n<ul>\n<li>1 Sesi\u00f3n online de evaluaci\u00f3n diagn\u00f3stica con Con Tacto IA\u2122 (previa a la terapia f\u00edsica) 40 minutos aprox.<\/li>\n<li>Informe y Plan de regulaci\u00f3n neurobiol\u00f3gica resultado de la evaluaci\u00f3n Con Tacto IA\u2122 en PDF digital.<\/li>\n<li>2 sesiones de terapia f\u00edsica (masaje) personalizada de 50 minutos cada una.<\/li>\n<\/ul>\n<p>Vaucher v\u00e1lido por 15 d\u00edas a partir de la fecha de compra para coordinaci\u00f3n.<\/p>\n<p><img decoding=\"async\" class=\"an1\" draggable=\"false\" src=\"https:\/\/fonts.gstatic.com\/s\/e\/notoemoji\/17.0\/1f5d3_fe0f\/72.png\" alt=\"\ud83d\uddd3\ufe0f\" data-emoji=\"\ud83d\uddd3\ufe0f\" aria-label=\"\ud83d\uddd3\ufe0f\" \/>\u00a0Inicia tu diagn\u00f3stico online aqu\u00ed y reserva tu sesi\u00f3n de alivio profundo.<\/p>\n","protected":false},"featured_media":17156,"template":"","meta":[],"product_brand":[],"product_cat":[107,84,111],"product_tag":[112],"class_list":{"0":"post-17161","1":"product","2":"type-product","3":"status-publish","4":"has-post-thumbnail","6":"product_cat-bienestar","7":"product_cat-terapias","8":"product_cat-wellness-health","9":"product_tag-terapias-alternativas","11":"first","12":"instock","13":"shipping-taxable","14":"purchasable","15":"product-type-simple"},"yoast_head":"<!-- This site is optimized with the Yoast SEO plugin v24.5 - https:\/\/yoast.com\/wordpress\/plugins\/seo\/ -->\n<title>Reset neurobiol\u00f3gico - A.B.I.T.U.<\/title>\n<meta name=\"robots\" content=\"index, follow, max-snippet:-1, max-image-preview:large, max-video-preview:-1\" \/>\n<link rel=\"canonical\" href=\"https:\/\/eventurismo.com.uy\/lotengoshop\/producto\/wellness-health\/terapias\/resetneurobiologico\/\" \/>\n<meta property=\"og:locale\" content=\"es_ES\" \/>\n<meta property=\"og:type\" content=\"article\" \/>\n<meta property=\"og:title\" content=\"Reset neurobiol\u00f3gico - A.B.I.T.U.\" \/>\n<meta property=\"og:description\" content=\"Incluye:   1 Sesi\u00f3n online de evaluaci\u00f3n diagn\u00f3stica con Con Tacto IA\u2122 (previa a la terapia f\u00edsica) 40 minutos aprox.  Informe y Plan de regulaci\u00f3n neurobiol\u00f3gica resultado de la evaluaci\u00f3n Con Tacto IA\u2122 en PDF digital.  2 sesiones de terapia f\u00edsica (masaje) personalizada de 50 minutos cada una.  Vaucher v\u00e1lido por 15 d\u00edas a partir de la fecha de compra para coordinaci\u00f3n.  \u00a0Inicia tu diagn\u00f3stico online aqu\u00ed y reserva tu sesi\u00f3n de alivio profundo.\" \/>\n<meta property=\"og:url\" content=\"https:\/\/eventurismo.com.uy\/lotengoshop\/producto\/wellness-health\/terapias\/resetneurobiologico\/\" \/>\n<meta property=\"og:site_name\" content=\"A.B.I.T.U.\" \/>\n<meta property=\"article:publisher\" content=\"https:\/\/www.facebook.com\/lotengo.uy\" \/>\n<meta property=\"article:modified_time\" content=\"2026-04-21T23:27:14+00:00\" \/>\n<meta property=\"og:image\" content=\"https:\/\/eventurismo.com.uy\/lotengoshop\/wp-content\/uploads\/2026\/04\/ABITU-Reset-neurobiologico.png\" \/>\n\t<meta property=\"og:image:width\" content=\"1414\" \/>\n\t<meta property=\"og:image:height\" content=\"2000\" \/>\n\t<meta property=\"og:image:type\" content=\"image\/png\" \/>\n<meta name=\"twitter:card\" content=\"summary_large_image\" \/>\n<meta name=\"twitter:label1\" content=\"Tiempo de lectura\" \/>\n\t<meta name=\"twitter:data1\" content=\"2 minutos\" \/>\n<script type=\"application\/ld+json\" class=\"yoast-schema-graph\">{\"@context\":\"https:\/\/schema.org\",\"@graph\":[{\"@type\":\"WebPage\",\"@id\":\"https:\/\/eventurismo.com.uy\/lotengoshop\/producto\/wellness-health\/terapias\/resetneurobiologico\/\",\"url\":\"https:\/\/eventurismo.com.uy\/lotengoshop\/producto\/wellness-health\/terapias\/resetneurobiologico\/\",\"name\":\"Reset neurobiol\u00f3gico - A.B.I.T.U.\",\"isPartOf\":{\"@id\":\"https:\/\/eventurismo.com.uy\/lotengoshop\/#website\"},\"primaryImageOfPage\":{\"@id\":\"https:\/\/eventurismo.com.uy\/lotengoshop\/producto\/wellness-health\/terapias\/resetneurobiologico\/#primaryimage\"},\"image\":{\"@id\":\"https:\/\/eventurismo.com.uy\/lotengoshop\/producto\/wellness-health\/terapias\/resetneurobiologico\/#primaryimage\"},\"thumbnailUrl\":\"https:\/\/eventurismo.com.uy\/lotengoshop\/wp-content\/uploads\/2026\/04\/ABITU-Reset-neurobiologico.png\",\"datePublished\":\"2026-04-21T20:58:59+00:00\",\"dateModified\":\"2026-04-21T23:27:14+00:00\",\"breadcrumb\":{\"@id\":\"https:\/\/eventurismo.com.uy\/lotengoshop\/producto\/wellness-health\/terapias\/resetneurobiologico\/#breadcrumb\"},\"inLanguage\":\"es\",\"potentialAction\":[{\"@type\":\"ReadAction\",\"target\":[\"https:\/\/eventurismo.com.uy\/lotengoshop\/producto\/wellness-health\/terapias\/resetneurobiologico\/\"]}]},{\"@type\":\"ImageObject\",\"inLanguage\":\"es\",\"@id\":\"https:\/\/eventurismo.com.uy\/lotengoshop\/producto\/wellness-health\/terapias\/resetneurobiologico\/#primaryimage\",\"url\":\"https:\/\/eventurismo.com.uy\/lotengoshop\/wp-content\/uploads\/2026\/04\/ABITU-Reset-neurobiologico.png\",\"contentUrl\":\"https:\/\/eventurismo.com.uy\/lotengoshop\/wp-content\/uploads\/2026\/04\/ABITU-Reset-neurobiologico.png\",\"width\":1414,\"height\":2000},{\"@type\":\"BreadcrumbList\",\"@id\":\"https:\/\/eventurismo.com.uy\/lotengoshop\/producto\/wellness-health\/terapias\/resetneurobiologico\/#breadcrumb\",\"itemListElement\":[{\"@type\":\"ListItem\",\"position\":1,\"name\":\"Portada\",\"item\":\"https:\/\/eventurismo.com.uy\/lotengoshop\/\"},{\"@type\":\"ListItem\",\"position\":2,\"name\":\"Plataforma Wellness\",\"item\":\"https:\/\/eventurismo.com.uy\/lotengoshop\/tienda\/\"},{\"@type\":\"ListItem\",\"position\":3,\"name\":\"Reset neurobiol\u00f3gico\"}]},{\"@type\":\"WebSite\",\"@id\":\"https:\/\/eventurismo.com.uy\/lotengoshop\/#website\",\"url\":\"https:\/\/eventurismo.com.uy\/lotengoshop\/\",\"name\":\"Lo Tengo shop\",\"description\":\"Asociacion de Bienestar Integral y Transformaci\u00f3n del Uruguay\",\"publisher\":{\"@id\":\"https:\/\/eventurismo.com.uy\/lotengoshop\/#organization\"},\"potentialAction\":[{\"@type\":\"SearchAction\",\"target\":{\"@type\":\"EntryPoint\",\"urlTemplate\":\"https:\/\/eventurismo.com.uy\/lotengoshop\/?s={search_term_string}\"},\"query-input\":{\"@type\":\"PropertyValueSpecification\",\"valueRequired\":true,\"valueName\":\"search_term_string\"}}],\"inLanguage\":\"es\"},{\"@type\":\"Organization\",\"@id\":\"https:\/\/eventurismo.com.uy\/lotengoshop\/#organization\",\"name\":\"Lo Tengo shop\",\"url\":\"https:\/\/eventurismo.com.uy\/lotengoshop\/\",\"logo\":{\"@type\":\"ImageObject\",\"inLanguage\":\"es\",\"@id\":\"https:\/\/eventurismo.com.uy\/lotengoshop\/#\/schema\/logo\/image\/\",\"url\":\"\",\"contentUrl\":\"\",\"caption\":\"Lo Tengo shop\"},\"image\":{\"@id\":\"https:\/\/eventurismo.com.uy\/lotengoshop\/#\/schema\/logo\/image\/\"},\"sameAs\":[\"https:\/\/www.facebook.com\/lotengo.uy\",\"https:\/\/www.instagram.com\/lotengo.uy\/\"]}]}<\/script>\n<!-- \/ Yoast SEO plugin. -->","yoast_head_json":{"title":"Reset neurobiol\u00f3gico - A.B.I.T.U.","robots":{"index":"index","follow":"follow","max-snippet":"max-snippet:-1","max-image-preview":"max-image-preview:large","max-video-preview":"max-video-preview:-1"},"canonical":"https:\/\/eventurismo.com.uy\/lotengoshop\/producto\/wellness-health\/terapias\/resetneurobiologico\/","og_locale":"es_ES","og_type":"article","og_title":"Reset neurobiol\u00f3gico - A.B.I.T.U.","og_description":"Incluye:   1 Sesi\u00f3n online de evaluaci\u00f3n diagn\u00f3stica con Con Tacto IA\u2122 (previa a la terapia f\u00edsica) 40 minutos aprox.  Informe y Plan de regulaci\u00f3n neurobiol\u00f3gica resultado de la evaluaci\u00f3n Con Tacto IA\u2122 en PDF digital.  2 sesiones de terapia f\u00edsica (masaje) personalizada de 50 minutos cada una.  Vaucher v\u00e1lido por 15 d\u00edas a partir de la fecha de compra para coordinaci\u00f3n.  \u00a0Inicia tu diagn\u00f3stico online aqu\u00ed y reserva tu sesi\u00f3n de alivio profundo.","og_url":"https:\/\/eventurismo.com.uy\/lotengoshop\/producto\/wellness-health\/terapias\/resetneurobiologico\/","og_site_name":"A.B.I.T.U.","article_publisher":"https:\/\/www.facebook.com\/lotengo.uy","article_modified_time":"2026-04-21T23:27:14+00:00","og_image":[{"width":1414,"height":2000,"url":"https:\/\/eventurismo.com.uy\/lotengoshop\/wp-content\/uploads\/2026\/04\/ABITU-Reset-neurobiologico.png","type":"image\/png"}],"twitter_card":"summary_large_image","twitter_misc":{"Tiempo de lectura":"2 minutos"},"schema":{"@context":"https:\/\/schema.org","@graph":[{"@type":"WebPage","@id":"https:\/\/eventurismo.com.uy\/lotengoshop\/producto\/wellness-health\/terapias\/resetneurobiologico\/","url":"https:\/\/eventurismo.com.uy\/lotengoshop\/producto\/wellness-health\/terapias\/resetneurobiologico\/","name":"Reset neurobiol\u00f3gico - A.B.I.T.U.","isPartOf":{"@id":"https:\/\/eventurismo.com.uy\/lotengoshop\/#website"},"primaryImageOfPage":{"@id":"https:\/\/eventurismo.com.uy\/lotengoshop\/producto\/wellness-health\/terapias\/resetneurobiologico\/#primaryimage"},"image":{"@id":"https:\/\/eventurismo.com.uy\/lotengoshop\/producto\/wellness-health\/terapias\/resetneurobiologico\/#primaryimage"},"thumbnailUrl":"https:\/\/eventurismo.com.uy\/lotengoshop\/wp-content\/uploads\/2026\/04\/ABITU-Reset-neurobiologico.png","datePublished":"2026-04-21T20:58:59+00:00","dateModified":"2026-04-21T23:27:14+00:00","breadcrumb":{"@id":"https:\/\/eventurismo.com.uy\/lotengoshop\/producto\/wellness-health\/terapias\/resetneurobiologico\/#breadcrumb"},"inLanguage":"es","potentialAction":[{"@type":"ReadAction","target":["https:\/\/eventurismo.com.uy\/lotengoshop\/producto\/wellness-health\/terapias\/resetneurobiologico\/"]}]},{"@type":"ImageObject","inLanguage":"es","@id":"https:\/\/eventurismo.com.uy\/lotengoshop\/producto\/wellness-health\/terapias\/resetneurobiologico\/#primaryimage","url":"https:\/\/eventurismo.com.uy\/lotengoshop\/wp-content\/uploads\/2026\/04\/ABITU-Reset-neurobiologico.png","contentUrl":"https:\/\/eventurismo.com.uy\/lotengoshop\/wp-content\/uploads\/2026\/04\/ABITU-Reset-neurobiologico.png","width":1414,"height":2000},{"@type":"BreadcrumbList","@id":"https:\/\/eventurismo.com.uy\/lotengoshop\/producto\/wellness-health\/terapias\/resetneurobiologico\/#breadcrumb","itemListElement":[{"@type":"ListItem","position":1,"name":"Portada","item":"https:\/\/eventurismo.com.uy\/lotengoshop\/"},{"@type":"ListItem","position":2,"name":"Plataforma Wellness","item":"https:\/\/eventurismo.com.uy\/lotengoshop\/tienda\/"},{"@type":"ListItem","position":3,"name":"Reset neurobiol\u00f3gico"}]},{"@type":"WebSite","@id":"https:\/\/eventurismo.com.uy\/lotengoshop\/#website","url":"https:\/\/eventurismo.com.uy\/lotengoshop\/","name":"Lo Tengo shop","description":"Asociacion de Bienestar Integral y Transformaci\u00f3n del Uruguay","publisher":{"@id":"https:\/\/eventurismo.com.uy\/lotengoshop\/#organization"},"potentialAction":[{"@type":"SearchAction","target":{"@type":"EntryPoint","urlTemplate":"https:\/\/eventurismo.com.uy\/lotengoshop\/?s={search_term_string}"},"query-input":{"@type":"PropertyValueSpecification","valueRequired":true,"valueName":"search_term_string"}}],"inLanguage":"es"},{"@type":"Organization","@id":"https:\/\/eventurismo.com.uy\/lotengoshop\/#organization","name":"Lo Tengo shop","url":"https:\/\/eventurismo.com.uy\/lotengoshop\/","logo":{"@type":"ImageObject","inLanguage":"es","@id":"https:\/\/eventurismo.com.uy\/lotengoshop\/#\/schema\/logo\/image\/","url":"","contentUrl":"","caption":"Lo Tengo shop"},"image":{"@id":"https:\/\/eventurismo.com.uy\/lotengoshop\/#\/schema\/logo\/image\/"},"sameAs":["https:\/\/www.facebook.com\/lotengo.uy","https:\/\/www.instagram.com\/lotengo.uy\/"]}]}},"_links":{"self":[{"href":"https:\/\/eventurismo.com.uy\/lotengoshop\/wp-json\/wp\/v2\/product\/17161","targetHints":{"allow":["GET"]}}],"collection":[{"href":"https:\/\/eventurismo.com.uy\/lotengoshop\/wp-json\/wp\/v2\/product"}],"about":[{"href":"https:\/\/eventurismo.com.uy\/lotengoshop\/wp-json\/wp\/v2\/types\/product"}],"version-history":[{"count":3,"href":"https:\/\/eventurismo.com.uy\/lotengoshop\/wp-json\/wp\/v2\/product\/17161\/revisions"}],"predecessor-version":[{"id":17164,"href":"https:\/\/eventurismo.com.uy\/lotengoshop\/wp-json\/wp\/v2\/product\/17161\/revisions\/17164"}],"wp:featuredmedia":[{"embeddable":true,"href":"https:\/\/eventurismo.com.uy\/lotengoshop\/wp-json\/wp\/v2\/media\/17156"}],"wp:attachment":[{"href":"https:\/\/eventurismo.com.uy\/lotengoshop\/wp-json\/wp\/v2\/media?parent=17161"}],"wp:term":[{"taxonomy":"product_brand","embeddable":true,"href":"https:\/\/eventurismo.com.uy\/lotengoshop\/wp-json\/wp\/v2\/product_brand?post=17161"},{"taxonomy":"product_cat","embeddable":true,"href":"https:\/\/eventurismo.com.uy\/lotengoshop\/wp-json\/wp\/v2\/product_cat?post=17161"},{"taxonomy":"product_tag","embeddable":true,"href":"https:\/\/eventurismo.com.uy\/lotengoshop\/wp-json\/wp\/v2\/product_tag?post=17161"}],"curies":[{"name":"wp","href":"https:\/\/api.w.org\/{rel}","templated":true}]}}